{"id":13927,"date":"2021-07-08T10:06:25","date_gmt":"2021-07-08T09:06:25","guid":{"rendered":"https:\/\/vt.novus.me\/dakks-accreditation\/"},"modified":"2022-11-07T15:13:16","modified_gmt":"2022-11-07T14:13:16","slug":"dakks-accreditation","status":"publish","type":"page","link":"https:\/\/velotech.de\/en\/dakks-accreditation\/","title":{"rendered":"DAkkS accreditation"},"content":{"rendered":"<div class=\"wpb-content-wrapper\"><p>[vc_row full_width=&#8221;stretch_row&#8221; equal_height=&#8221;yes&#8221; pix_particles_check=&#8221;&#8221; pix_visibility=&#8221;1&#8243; css=&#8221;.vc_custom_1593104654942{padding-top: 80px !important;padding-bottom: 80px !important;}&#8221;][vc_column width=&#8221;1\/2&#8243;]<div class=\"pix-content-box card   sticky-top pix-sticky-top-adjust   vc_custom_1588791497974    rounded-lg  bg- w-100  \"   ><div class=\"\" style=\"z-index:30;position:relative;\"><span class=\"pix-badge-element h6 d-inline-flex mr-1 \"  ><span class=\"badge font-weight-bold secondary-font  bg-secondary  vc_custom_1617657535058  \" style=\" \"><span class=\"text-white\" style=\"\">velotech.de as internationally recognised service centre for product safety<\/span><\/span><\/span><div  class=\"pix-heading-el text-left \"><h2 class=\"text-heading-default font-weight-bold h2 heading-text el-title_custom_color mb-12\" style=\"\" data-anim-type=\"\" data-anim-delay=\"0\">Certified Once, Accepted Everywhere<\/h2><\/div><div class=\"pix-el-text w-100   vc_custom_1617657311679\" ><p class=\"text-20  text-body-default  \" ><span class=\"text-body-default animate-in d-inline-block\" data-anim-delay=\"200\" data-anim-type=\"fade-in-up\">The National Accreditation Body for the Federal Republic of Germany (DAkkS) confirms velotech.de&#8217;s competence as test laboratory in accordance with DIN EN ISO\/IEC 17025:2005 In keeping with the scope of accreditation (see appendix to Accreditation Certificate) velotech.de is entitled to carry out tests which are recognised worldwide.<\/span><\/p><\/div><div class=\"pix-el-text w-100   vc_custom_1617657321768\" ><p class=\"text-20  text-body-default  \" ><span class=\"text-body-default animate-in d-inline-block\" data-anim-delay=\"200\" data-anim-type=\"fade-in-up\">Internationally recognised certification will also gain importance for the bicycle industry as imports into many countries already require test certificates issued by accredited testing laboratories Thus, import products need to be tested in accordance with the relevant product standard(s) by a laboratory complying with the general requirements for the competence of testing and calibration i.e. DIN EN ISO\/ICE 17025.<\/span><\/p><\/div><a  href=\"\/wp-content\/uploads\/2022\/01\/DAkkS-Akkreditierungsurkunde_2021-05.pdf\" class=\"btn mb-2     shadow-sm shadow-inverse-hover-sm fly-sm btn-primary btn-flat d-inline-flex align-items-center      btn-md\" target=\"_blank\" rel=\"noopener\"    ><svg class=\"pixfort-icon font-weight-bold   mr-2\" width=\"24\" height=\"24\"  data-name=\"Line\/pixfort-icon-file-download-1\" viewBox=\"2 2 20 20\"><path fill=\"none\" stroke=\"var(--pf-icon-color)\" stroke-linecap=\"round\" stroke-linejoin=\"round\" stroke-width=\"var(--pf-icon-stroke-width)\" d=\"M7,3 L12.8727869,3 L12.8727869,3 C14.9175556,4.48800639 17.4920457,6.76866015 19,8.65347855 L19,19 C19,20.1045695 18.1045695,21 17,21 L7,21 C5.8954305,21 5,20.1045695 5,19 L5,5 C5,3.8954305 5.8954305,3 7,3 Z M12.6586405,3 L12.5665066,6.3715119 C12.5226946,7.9747483 13.7868579,9.30994479 15.3900943,9.35375673 C15.5249374,9.35744162 15.6598734,9.35172666 15.793922,9.33665338 L19,8.97614154 L19,8.97614154 M12,11 L12,16 M9,14 L12,17 L15,14\"\/><\/svg><span class=\"font-weight-bold \" >Accreditation certificate<\/span><\/a><a  href=\"\/wp-content\/uploads\/2022\/01\/Anlage-zur-DAkkS-Akkreditierungsurkunde_2021-05.pdf\" class=\"btn mb-2     shadow-sm shadow-inverse-hover-sm fly-sm btn-primary btn-flat d-inline-flex align-items-center      btn-md\" target=\"_blank\" rel=\"noopener\"    ><svg class=\"pixfort-icon font-weight-bold   mr-2\" width=\"24\" height=\"24\"  data-name=\"Line\/pixfort-icon-file-download-1\" viewBox=\"2 2 20 20\"><path fill=\"none\" stroke=\"var(--pf-icon-color)\" stroke-linecap=\"round\" stroke-linejoin=\"round\" stroke-width=\"var(--pf-icon-stroke-width)\" d=\"M7,3 L12.8727869,3 L12.8727869,3 C14.9175556,4.48800639 17.4920457,6.76866015 19,8.65347855 L19,19 C19,20.1045695 18.1045695,21 17,21 L7,21 C5.8954305,21 5,20.1045695 5,19 L5,5 C5,3.8954305 5.8954305,3 7,3 Z M12.6586405,3 L12.5665066,6.3715119 C12.5226946,7.9747483 13.7868579,9.30994479 15.3900943,9.35375673 C15.5249374,9.35744162 15.6598734,9.35172666 15.793922,9.33665338 L19,8.97614154 L19,8.97614154 M12,11 L12,16 M9,14 L12,17 L15,14\"\/><\/svg><span class=\"font-weight-bold \" >Accreditation certificate - annex<\/span><\/a><\/div><\/div>[\/vc_column][vc_column width=&#8221;1\/2&#8243;]<div class=\"pix-photo-stack position-relative w-100 d-inline-block pix-img-2  vc_custom_1617658191616\"><div class=\"img-el\" ><div class=\"w-100 pix-bounce-sm pix-duration-slow\"><div class=\"animate-in d-inline-block w-100\" data-anim-type=\"fade-in-up\" data-anim-delay=\"0\"><div class=\"tilt\"><img loading=\"lazy\" decoding=\"async\" width=\"500\" height=\"500\" class=\"rounded-lg shadow-lg shadow-hover-lg scale-sm d-inline-block\" srcset=\"https:\/\/velotech.de\/wp-content\/uploads\/2021\/04\/akkreditierung-shots-300x300.jpg 300w, https:\/\/velotech.de\/wp-content\/uploads\/2021\/04\/akkreditierung-shots-150x150.jpg 150w, https:\/\/velotech.de\/wp-content\/uploads\/2021\/04\/akkreditierung-shots-400x400.jpg 400w, https:\/\/velotech.de\/wp-content\/uploads\/2021\/04\/akkreditierung-shots-75x75.jpg 75w, https:\/\/velotech.de\/wp-content\/uploads\/2021\/04\/akkreditierung-shots-460x460.jpg 460w, https:\/\/velotech.de\/wp-content\/uploads\/2021\/04\/akkreditierung-shots.jpg 500w\" src=\"https:\/\/velotech.de\/wp-content\/uploads\/2021\/04\/akkreditierung-shots.jpg\" alt=\"\" \/><\/div><\/div><\/div><\/div><div class=\"img-el\" ><div class=\"w-100 pix-bounce-sm pix-duration-slow\"><div class=\"animate-in d-inline-block w-100\" data-anim-type=\"fade-in-up\" data-anim-delay=\"100\"><div class=\"tilt\"><img decoding=\"async\"   class=\"rounded-lg shadow-lg shadow-hover-lg scale-sm d-inline-block\" srcset=\"\" src=\"\" alt=\"\" \/><\/div><\/div><\/div><\/div><\/div>[\/vc_column][\/vc_row]<\/p>\n<\/div>","protected":false},"excerpt":{"rendered":"[vc_row full_width=&#8221;stretch_row&#8221; equal_height=&#8221;yes&#8221; pix_particles_check=&#8221;&#8221; pix_visibility=&#8221;1&#8243; css=&#8221;.vc_custom_1593104654942{padding-top: 80px !important;padding-bottom: 80px !important;}&#8221;][vc_column width=&#8221;1\/2&#8243;][\/vc_column][vc_column width=&#8221;1\/2&#8243;][\/vc_column][\/vc_row]","protected":false},"author":1,"featured_media":0,"parent":0,"menu_order":0,"comment_status":"closed","ping_status":"closed","template":"","meta":{"footnotes":""},"class_list":["post-13927","page","type-page","status-publish","hentry"],"yoast_head":"<!-- This site is optimized with the Yoast SEO plugin v27.3 - https:\/\/yoast.com\/product\/yoast-seo-wordpress\/ -->\n<title>DAkkS accreditation - velotech.de - akkreditiertes Pr\u00fcflabor f\u00fcr Mikromobilit\u00e4t<\/title>\n<meta name=\"robots\" content=\"index, follow, max-snippet:-1, max-image-preview:large, max-video-preview:-1\" \/>\n<link rel=\"canonical\" href=\"https:\/\/velotech.de\/en\/dakks-accreditation\/\" \/>\n<meta property=\"og:locale\" content=\"en_US\" \/>\n<meta property=\"og:type\" content=\"article\" \/>\n<meta property=\"og:title\" content=\"DAkkS accreditation - velotech.de - akkreditiertes Pr\u00fcflabor f\u00fcr Mikromobilit\u00e4t\" \/>\n<meta property=\"og:description\" content=\"[vc_row full_width=&#8221;stretch_row&#8221; equal_height=&#8221;yes&#8221; pix_particles_check=&#8221;&#8221; pix_visibility=&#8221;1&#8243; css=&#8221;.vc_custom_1593104654942{padding-top: 80px !important;padding-bottom: 80px !important;}&#8221;][vc_column width=&#8221;1\/2&#8243;][\/vc_column][vc_column width=&#8221;1\/2&#8243;][\/vc_column][\/vc_row]\" \/>\n<meta property=\"og:url\" content=\"https:\/\/velotech.de\/en\/dakks-accreditation\/\" \/>\n<meta property=\"og:site_name\" content=\"velotech.de - akkreditiertes Pr\u00fcflabor f\u00fcr Mikromobilit\u00e4t\" \/>\n<meta property=\"article:modified_time\" content=\"2022-11-07T14:13:16+00:00\" \/>\n<meta name=\"twitter:card\" content=\"summary_large_image\" \/>\n<meta name=\"twitter:label1\" content=\"Est. reading time\" \/>\n\t<meta name=\"twitter:data1\" content=\"1 minute\" \/>\n<script type=\"application\/ld+json\" class=\"yoast-schema-graph\">{\"@context\":\"https:\\\/\\\/schema.org\",\"@graph\":[{\"@type\":\"WebPage\",\"@id\":\"https:\\\/\\\/velotech.de\\\/en\\\/dakks-accreditation\\\/\",\"url\":\"https:\\\/\\\/velotech.de\\\/en\\\/dakks-accreditation\\\/\",\"name\":\"DAkkS accreditation - velotech.de - akkreditiertes Pr\u00fcflabor f\u00fcr Mikromobilit\u00e4t\",\"isPartOf\":{\"@id\":\"https:\\\/\\\/velotech.de\\\/en\\\/#website\"},\"datePublished\":\"2021-07-08T09:06:25+00:00\",\"dateModified\":\"2022-11-07T14:13:16+00:00\",\"breadcrumb\":{\"@id\":\"https:\\\/\\\/velotech.de\\\/en\\\/dakks-accreditation\\\/#breadcrumb\"},\"inLanguage\":\"en-US\",\"potentialAction\":[{\"@type\":\"ReadAction\",\"target\":[\"https:\\\/\\\/velotech.de\\\/en\\\/dakks-accreditation\\\/\"]}]},{\"@type\":\"BreadcrumbList\",\"@id\":\"https:\\\/\\\/velotech.de\\\/en\\\/dakks-accreditation\\\/#breadcrumb\",\"itemListElement\":[{\"@type\":\"ListItem\",\"position\":1,\"name\":\"Startseite\",\"item\":\"https:\\\/\\\/velotech.de\\\/en\\\/\"},{\"@type\":\"ListItem\",\"position\":2,\"name\":\"DAkkS accreditation\"}]},{\"@type\":\"WebSite\",\"@id\":\"https:\\\/\\\/velotech.de\\\/en\\\/#website\",\"url\":\"https:\\\/\\\/velotech.de\\\/en\\\/\",\"name\":\"velotech.de - akkreditiertes Pr\u00fcflabor f\u00fcr Mikromobilit\u00e4t\",\"description\":\"Weltweit anerkanntes, akkreditiertes Pr\u00fcflabor f\u00fcr Mikromobilit\u00e4t und Produktsicherheit\",\"potentialAction\":[{\"@type\":\"SearchAction\",\"target\":{\"@type\":\"EntryPoint\",\"urlTemplate\":\"https:\\\/\\\/velotech.de\\\/en\\\/?s={search_term_string}\"},\"query-input\":{\"@type\":\"PropertyValueSpecification\",\"valueRequired\":true,\"valueName\":\"search_term_string\"}}],\"inLanguage\":\"en-US\"}]}<\/script>\n<!-- \/ Yoast SEO plugin. -->","yoast_head_json":{"title":"DAkkS accreditation - velotech.de - akkreditiertes Pr\u00fcflabor f\u00fcr Mikromobilit\u00e4t","robots":{"index":"index","follow":"follow","max-snippet":"max-snippet:-1","max-image-preview":"max-image-preview:large","max-video-preview":"max-video-preview:-1"},"canonical":"https:\/\/velotech.de\/en\/dakks-accreditation\/","og_locale":"en_US","og_type":"article","og_title":"DAkkS accreditation - velotech.de - akkreditiertes Pr\u00fcflabor f\u00fcr Mikromobilit\u00e4t","og_description":"[vc_row full_width=&#8221;stretch_row&#8221; equal_height=&#8221;yes&#8221; pix_particles_check=&#8221;&#8221; pix_visibility=&#8221;1&#8243; css=&#8221;.vc_custom_1593104654942{padding-top: 80px !important;padding-bottom: 80px !important;}&#8221;][vc_column width=&#8221;1\/2&#8243;][\/vc_column][vc_column width=&#8221;1\/2&#8243;][\/vc_column][\/vc_row]","og_url":"https:\/\/velotech.de\/en\/dakks-accreditation\/","og_site_name":"velotech.de - akkreditiertes Pr\u00fcflabor f\u00fcr Mikromobilit\u00e4t","article_modified_time":"2022-11-07T14:13:16+00:00","twitter_card":"summary_large_image","twitter_misc":{"Est. reading time":"1 minute"},"schema":{"@context":"https:\/\/schema.org","@graph":[{"@type":"WebPage","@id":"https:\/\/velotech.de\/en\/dakks-accreditation\/","url":"https:\/\/velotech.de\/en\/dakks-accreditation\/","name":"DAkkS accreditation - velotech.de - akkreditiertes Pr\u00fcflabor f\u00fcr Mikromobilit\u00e4t","isPartOf":{"@id":"https:\/\/velotech.de\/en\/#website"},"datePublished":"2021-07-08T09:06:25+00:00","dateModified":"2022-11-07T14:13:16+00:00","breadcrumb":{"@id":"https:\/\/velotech.de\/en\/dakks-accreditation\/#breadcrumb"},"inLanguage":"en-US","potentialAction":[{"@type":"ReadAction","target":["https:\/\/velotech.de\/en\/dakks-accreditation\/"]}]},{"@type":"BreadcrumbList","@id":"https:\/\/velotech.de\/en\/dakks-accreditation\/#breadcrumb","itemListElement":[{"@type":"ListItem","position":1,"name":"Startseite","item":"https:\/\/velotech.de\/en\/"},{"@type":"ListItem","position":2,"name":"DAkkS accreditation"}]},{"@type":"WebSite","@id":"https:\/\/velotech.de\/en\/#website","url":"https:\/\/velotech.de\/en\/","name":"velotech.de - akkreditiertes Pr\u00fcflabor f\u00fcr Mikromobilit\u00e4t","description":"Weltweit anerkanntes, akkreditiertes Pr\u00fcflabor f\u00fcr Mikromobilit\u00e4t und Produktsicherheit","potentialAction":[{"@type":"SearchAction","target":{"@type":"EntryPoint","urlTemplate":"https:\/\/velotech.de\/en\/?s={search_term_string}"},"query-input":{"@type":"PropertyValueSpecification","valueRequired":true,"valueName":"search_term_string"}}],"inLanguage":"en-US"}]}},"_links":{"self":[{"href":"https:\/\/velotech.de\/en\/wp-json\/wp\/v2\/pages\/13927","targetHints":{"allow":["GET"]}}],"collection":[{"href":"https:\/\/velotech.de\/en\/wp-json\/wp\/v2\/pages"}],"about":[{"href":"https:\/\/velotech.de\/en\/wp-json\/wp\/v2\/types\/page"}],"author":[{"embeddable":true,"href":"https:\/\/velotech.de\/en\/wp-json\/wp\/v2\/users\/1"}],"replies":[{"embeddable":true,"href":"https:\/\/velotech.de\/en\/wp-json\/wp\/v2\/comments?post=13927"}],"version-history":[{"count":2,"href":"https:\/\/velotech.de\/en\/wp-json\/wp\/v2\/pages\/13927\/revisions"}],"predecessor-version":[{"id":16856,"href":"https:\/\/velotech.de\/en\/wp-json\/wp\/v2\/pages\/13927\/revisions\/16856"}],"wp:attachment":[{"href":"https:\/\/velotech.de\/en\/wp-json\/wp\/v2\/media?parent=13927"}],"curies":[{"name":"wp","href":"https:\/\/api.w.org\/{rel}","templated":true}]}}