{"id":13932,"date":"2021-07-08T10:57:20","date_gmt":"2021-07-08T09:57:20","guid":{"rendered":"https:\/\/vt.novus.me\/erig\/"},"modified":"2021-08-16T19:38:10","modified_gmt":"2021-08-16T18:38:10","slug":"erig","status":"publish","type":"page","link":"https:\/\/velotech.de\/en\/test-jigs\/erig\/","title":{"rendered":"eRig"},"content":{"rendered":"<div class=\"wpb-content-wrapper\"><p>[vc_section full_width=&#8221;stretch_row&#8221; pix_over_visibility=&#8221;&#8221; responsive_css=&#8221;{&#8220;pix_res_sm_pt&#8220;:&#8220;20&#8220;,&#8220;pix_res_sm_pb&#8220;:&#8220;20&#8220;,&#8220;pix_res_md_pt&#8220;:&#8220;40&#8220;,&#8220;pix_res_md_pb&#8220;:&#8220;40&#8220;}&#8221; css=&#8221;.vc_custom_1617661692240{padding-top: 100px !important;padding-bottom: 100px !important;}&#8221;][vc_row full_width=&#8221;stretch_row&#8221; equal_height=&#8221;yes&#8221; pix_particles_check=&#8221;&#8221; css=&#8221;.vc_custom_1617661709545{padding-top: 40px !important;}&#8221;][vc_column width=&#8221;1\/2&#8243; css=&#8221;.vc_custom_1604715604745{padding-top: 20px !important;padding-bottom: 20px !important;}&#8221;]<span class=\"pix-badge-element h6 d-inline-flex mr-1 \"  ><span class=\"badge font-weight-bold secondary-font  bg-primary  vc_custom_1617660520875  \" style=\" \"><span class=\"text-white\" style=\"\">The best dynamometer on the market<\/span><\/span><\/span><span class=\"pix-badge-element h6 d-inline-flex mr-1 \"  ><span class=\"badge font-weight-bold secondary-font  bg-secondary  vc_custom_1617660528314  \" style=\" \"><span class=\"text-white\" style=\"\">eRig<\/span><\/span><\/span><div id=\"el1603925735052-9e8ebf61-2524\" class=\"pix-highlighted-element text-left  vc_custom_1629138758519\"><h2 class=\"pix-highlighted-items \" style=\"\" data-anim-type=\"\" data-anim-delay=\"0\"><span id=\"el1603925735052-9e8ebf61-2524-0\"  class=\"\"><span   class=\"pix-highlighted-text  pix-highlight-item font-weight-normal  heading-font text-heading-default\">Maximum <\/span><\/span><span id=\"el1603925735052-9e8ebf61-2524-1\" class=\"pix-highlight-bg  el1603925735052-9e8ebf61-2524-1 animate-in\" data-anim-type=\"highlight-grow\" data-anim-delay=\"200\"><span   class=\"pix-highlighted-text pix-highlight-item font-weight-normal  font-weight-bold heading-font text-heading-default\">Testing Accuracy<\/span><\/span><span id=\"el1603925735052-9e8ebf61-2524-2\"  class=\"\"><span   class=\"pix-highlighted-text  pix-highlight-item font-weight-normal  heading-font text-heading-default\"> on State-of-the-art Test Rigs<\/span><\/span><\/h2><\/div><div class=\"pix-el-text w-100   vc_custom_1617660638449\" ><p class=\"text-20  text-body-default  \" >A new level of performance measurements on Pedelecs \u2013 eRig determines the performance of electrically power assisted bicycles with unprecedented precision.<\/p><\/div><div id=\"img-1c149a5e89e2e4b6f6d6f1ca6d670761\" class=\"pix-img-element d-inline-block \" ><div class=\"pix-img-el  vc_custom_1617660559301    text-left d-inline-block   rounded-0\"  ><img loading=\"lazy\" decoding=\"async\" width=\"324\" height=\"80\" src=\"https:\/\/velotech.de\/wp-content\/uploads\/2021\/03\/Full-Logo-mit-Spacing-schwarz@2x-e1615151984468.png\" class=\"pix-img-elem rounded-0\" alt=\"Image link\" \/><\/div><\/div><div id=\"accordion-42e102409dcf424def0970fd4dcce9fb\" class=\"w-100  \" ><div class=\"py-2 \"  ><div class=\"pix-feature-list text-20  font-weight-bold     py-2 d-flex align-items-center\" ><span class=\"text-heading-default\">A new level of performance measurements on pedelecs<\/span><\/div><\/div><\/div><div class=\"pix-el-text w-100   vc_custom_1617661072600\" ><p class=\"text-20  text-body-default  \" >A total of three high-precision torque transducers guarantee maximum measuring accuracy. Velocity, torque and power output can be determined on cranks as well as on front wheel and rear wheel. Measuring inaccuracy is reduced to an absolute minimum. eRig provides reliable test results based on tried and tested technology in accordance with the latest industrial standards.<\/p><\/div><div id=\"accordion-90097dc15cd21d7aca9295a17675d619\" class=\"w-100  \" ><div class=\"py-2 \"  ><div class=\"pix-feature-list text-20  font-weight-bold     py-2 d-flex align-items-center\" ><span class=\"text-heading-default\">Suitable for all kinds of motor systems<\/span><\/div><\/div><\/div><div class=\"pix-el-text w-100   vc_custom_1617661190029\" ><p class=\"text-20  text-body-default  \" >All types of electric drive systems, whether front hub, rear hub or centre motors, Even Pedelecs equiped simultaneously with several motors can be tested on the eRig All types of single-track bicycles can be run on the eRig with its adjustable wheelbase of 60 to 190 cm. No matter whether it be an electric mountain, cargo or compact bike We can simulate numerous operating conditions up to complete load cycles by means of our specially developed cutting-edge control. Comparison with on-road measurements has so far shown extremely close correspondence with simulation on the eRig.<\/p><\/div><div class=\"pix-el-text w-100   vc_custom_1617661268119\" ><p class=\"text-20  text-body-default  \" >Two independent temperature sensors plus high-precision ammeters and voltmeters can determine additional parameters of the Pedelec in the course of the entire test. Sophisticated mechanics allow test speeds up to 50 km\/h (31 mph), so that even Speed-Pedelecs can be tested on the eRig.<\/p><\/div><div  class=\"pix-heading-el text-left  vc_custom_1617662320284\"><h4 class=\"text-heading-default font-weight-bold h4 heading-text el-title_custom_color mb-12\" style=\"\" data-anim-type=\"\" data-anim-delay=\"0\">The eRig will assist you with<\/h4><\/div><div id=\"accordion-e0219d31a3a9af5135c3a4765f8aaa36\" class=\"w-100  \" ><div class=\"py-2 \"  ><div class=\"pix-feature-list text-20  font-weight-bold     py-2 d-flex align-items-center\" ><span class=\"text-heading-default\">the development of brand new motor systems<\/span><\/div><div class=\"pix-feature-list text-20  font-weight-bold     py-2 d-flex align-items-center\" ><span class=\"text-heading-default\">meticulous comparison with its predecessor model<\/span><\/div><div class=\"pix-feature-list text-20  font-weight-bold     py-2 d-flex align-items-center\" ><span class=\"text-heading-default\">comparison of your pedelecs with those of your competitors under scientific and laboratory conditions<\/span><\/div><div class=\"pix-feature-list text-20  font-weight-bold     py-2 d-flex align-items-center\" ><span class=\"text-heading-default\">comparison between a variety of different motors and ranges<\/span><\/div><div class=\"pix-feature-list text-20  font-weight-bold     py-2 d-flex align-items-center\" ><span class=\"text-heading-default\">the presentation of reliable results<\/span><\/div><\/div><\/div><div  class=\"pix-heading-el text-left  vc_custom_1617662689939\"><h4 class=\"text-heading-default font-weight-bold h4 heading-text el-title_custom_color mb-12\" style=\"\" data-anim-type=\"\" data-anim-delay=\"0\">Like to find out more about our eRig?<\/h4><\/div><a  href=\"mailto:service@velotech.de\" class=\"btn mb-2     shadow-sm shadow-hover fly-sm text-white btn-primary btn-flat d-inline-flex align-items-center      btn-md\"     ><svg class=\"pixfort-icon font-weight-bold   mr-2\" width=\"24\" height=\"24\"  data-name=\"Line\/pixfort-icon-mail-closed-1\" viewBox=\"2 2 20 20\"><path fill=\"none\" stroke=\"var(--pf-icon-color)\" stroke-linecap=\"round\" stroke-linejoin=\"round\" stroke-width=\"var(--pf-icon-stroke-width)\" d=\"M5,5 L19,5 C20.1045695,5 21,5.8954305 21,7 L21,17 C21,18.1045695 20.1045695,19 19,19 L5,19 C3.8954305,19 3,18.1045695 3,17 L3,7 C3,5.8954305 3.8954305,5 5,5 Z M3.30149167,5.98779765 L10.7448982,11.9882141 C11.4774541,12.5787556 12.5225812,12.5787994 13.2551866,11.9883193 L20.7,5.98779765 L20.7,5.98779765\"\/><\/svg><span class=\"font-weight-bold \" >contact us<\/span><\/a><a  href=\"tel:+49972182777\" class=\"btn mb-2     shadow-sm shadow-hover fly-sm text-white btn-primary btn-flat d-inline-flex align-items-center      btn-md\"     ><svg class=\"pixfort-icon font-weight-bold   mr-2\" width=\"24\" height=\"24\"  data-name=\"Line\/pixfort-icon-telephone-call-1\" viewBox=\"2 2 20 20\"><path fill=\"none\" stroke=\"var(--pf-icon-color)\" stroke-linecap=\"round\" stroke-linejoin=\"round\" stroke-width=\"var(--pf-icon-stroke-width)\" d=\"M18.8832522,15.2149875 L16.6435199,14.9557395 C16.063686,14.888624 15.4834673,15.0781662 15.0550765,15.474642 L13.9101291,16.5342913 L13.9101291,16.5342913 C11.0247673,15.2272362 8.65046344,13.0476406 7.32012905,9.94429134 L8.40498315,8.93981673 C8.87321964,8.50627302 9.10646531,7.87531619 9.03281655,7.24145388 L8.78582632,5.11571837 C8.65834351,4.01853018 7.6655515,3.23242866 6.56836332,3.35991148 C6.52669972,3.36475239 6.48519872,3.37090276 6.44392189,3.37835345 L4.03181843,3.81375119 C3.42678981,3.92293172 2.99622204,4.46337942 3.02497102,5.07750767 C3.02497102,5.07750767 3.02497102,5.07750767 3.02497102,5.07750767 C3.46000713,14.3706349 9.54976692,20.5603505 18.9740596,20.9775141 C18.9740596,20.9775141 18.9740596,20.9775141 18.9740596,20.9775141 C19.5592738,21.0034184 20.0735032,20.5926686 20.177581,20.0162014 L20.6214816,17.5569921 C20.8176915,16.4699892 20.095561,15.4297396 19.0085581,15.2335297 C18.9669957,15.2260274 18.9252062,15.2198436 18.8832522,15.2149875 Z M14.65688,11.9445325 C14.5428348,11.3831122 14.2329913,10.8012737 13.7442644,10.3125468 C13.2552027,9.82348513 12.672902,9.51355207 12.1111253,9.39969712 M17.7787301,10.7276754 C17.578978,9.77989658 17.0243808,8.76423614 16.1584779,7.89833321 C15.2911804,7.03103574 14.2736427,6.4760476 13.3245571,6.27711874 M20.9052034,9.51129048 C20.6196813,8.17988563 19.8180518,6.72947998 18.5726915,5.48411965 C17.3251329,4.23656105 15.8718044,3.43430115 14.5384713,3.15010055\"\/><\/svg><span class=\"font-weight-bold \" >call us<\/span><\/a>[\/vc_column][vc_column width=&#8221;1\/2&#8243;]<div class=\"pix-content-box card   sticky-top pix-sticky-top-adjust      rounded-lg  bg- w-100  \"   ><div class=\"\" style=\"z-index:30;position:relative;\"><div id=\"img-33d638c8071e1cc7309fd0d2249428fc\" class=\"pix-img-element d-inline-block \" ><div class=\"animate-in d-inline-block\" data-anim-type=\"fade-in-up\" data-anim-delay=\"0\"><div class=\"pix-img-el    scale-inverse-sm text-left d-inline-block  w-100 rounded-10\"  ><img loading=\"lazy\" decoding=\"async\" width=\"605\" height=\"373\" src=\"https:\/\/velotech.de\/wp-content\/uploads\/2021\/04\/velotech_h1a4401-ret_0.jpg\" class=\"pix-img-elem rounded-10\" alt=\"Image link\" srcset=\"https:\/\/velotech.de\/wp-content\/uploads\/2021\/04\/velotech_h1a4401-ret_0.jpg 605w, https:\/\/velotech.de\/wp-content\/uploads\/2021\/04\/velotech_h1a4401-ret_0-300x185.jpg 300w\" sizes=\"auto, (max-width: 605px) 100vw, 605px\" \/><\/div><\/div><\/div><div  class=\"pix-heading-el text-left  vc_custom_1617661653391\"><h4 class=\"text-heading-default font-weight-bold h4 heading-text el-title_custom_color mb-12\" style=\"\" data-anim-type=\"\" data-anim-delay=\"0\">Our test rig eRig:<\/h4><\/div><div id=\"accordion-b5382a95d4df8b602ef058d23eab2bd3\" class=\"w-100  \" ><div class=\"py-2 \"  ><div class=\"pix-feature-list   font-weight-bold     py-2 d-flex align-items-center\" ><span class=\"text-heading-default\">All relevant performance measurements as laid down in EN 15194<\/span><\/div><div class=\"pix-feature-list   font-weight-bold     py-2 d-flex align-items-center\" ><span class=\"text-heading-default\">Range test R200<\/span><\/div><div class=\"pix-feature-list   font-weight-bold     py-2 d-flex align-items-center\" ><span class=\"text-heading-default\">Testing of all operating conditions of your Pedelec \/ S-Pedelec<\/span><\/div><div class=\"pix-feature-list   font-weight-bold     py-2 d-flex align-items-center\" ><span class=\"text-heading-default\">Performance and efficiency measurements<\/span><\/div><div class=\"pix-feature-list   font-weight-bold     py-2 d-flex align-items-center\" ><span class=\"text-heading-default\">Range tests based on individual cycles<\/span><\/div><div class=\"pix-feature-list   font-weight-bold     py-2 d-flex align-items-center\" ><span class=\"text-heading-default\">Testing thermal stability of the electric motor<\/span><\/div><div class=\"pix-feature-list   font-weight-bold     py-2 d-flex align-items-center\" ><span class=\"text-heading-default\">Testing energy recuperation of motors<\/span><\/div><div class=\"pix-feature-list   font-weight-bold     py-2 d-flex align-items-center\" ><span class=\"text-heading-default\">Various crank simulation modes from smooth circular action to riding out of saddle<\/span><\/div><div class=\"pix-feature-list   font-weight-bold     py-2 d-flex align-items-center\" ><span class=\"text-heading-default\">Test speeds up to 50 km\/h (31 mph)<\/span><\/div><div class=\"pix-feature-list   font-weight-bold     py-2 d-flex align-items-center\" ><span class=\"text-heading-default\">Applied power on crank, front or rear wheel of up to 1500 W respectively<\/span><\/div><div class=\"pix-feature-list   font-weight-bold     py-2 d-flex align-items-center\" ><span class=\"text-heading-default\">Pedal cadences of up to 180 rpm<\/span><\/div><div class=\"pix-feature-list   font-weight-bold     py-2 d-flex align-items-center\" ><span class=\"text-heading-default\">Wheelbases from 60 to 210 cm (24 to 83 inches approximately)<\/span><\/div><\/div><\/div><\/div><\/div>[\/vc_column][\/vc_row][\/vc_section]<\/p>\n<\/div>","protected":false},"excerpt":{"rendered":"[vc_section full_width=&#8221;stretch_row&#8221; pix_over_visibility=&#8221;&#8221; responsive_css=&#8221;{&#8220;pix_res_sm_pt&#8220;:&#8220;20&#8220;,&#8220;pix_res_sm_pb&#8220;:&#8220;20&#8220;,&#8220;pix_res_md_pt&#8220;:&#8220;40&#8220;,&#8220;pix_res_md_pb&#8220;:&#8220;40&#8220;}&#8221; css=&#8221;.vc_custom_1617661692240{padding-top: 100px !important;padding-bottom: 100px !important;}&#8221;][vc_row full_width=&#8221;stretch_row&#8221; equal_height=&#8221;yes&#8221; pix_particles_check=&#8221;&#8221; css=&#8221;.vc_custom_1617661709545{padding-top: 40px !important;}&#8221;][vc_column width=&#8221;1\/2&#8243; css=&#8221;.vc_custom_1604715604745{padding-top: 20px !important;padding-bottom: 20px !important;}&#8221;][\/vc_column][vc_column width=&#8221;1\/2&#8243;][\/vc_column][\/vc_row][\/vc_section]","protected":false},"author":1,"featured_media":0,"parent":13944,"menu_order":0,"comment_status":"closed","ping_status":"closed","template":"","meta":{"footnotes":""},"class_list":["post-13932","page","type-page","status-publish","hentry"],"yoast_head":"<!-- This site is optimized with the Yoast SEO plugin v27.3 - https:\/\/yoast.com\/product\/yoast-seo-wordpress\/ -->\n<title>eRig - velotech.de - akkreditiertes Pr\u00fcflabor f\u00fcr Mikromobilit\u00e4t<\/title>\n<meta name=\"robots\" content=\"index, follow, max-snippet:-1, max-image-preview:large, max-video-preview:-1\" \/>\n<link rel=\"canonical\" href=\"https:\/\/velotech.de\/en\/test-jigs\/erig\/\" \/>\n<meta property=\"og:locale\" content=\"en_US\" \/>\n<meta property=\"og:type\" content=\"article\" \/>\n<meta property=\"og:title\" content=\"eRig - velotech.de - akkreditiertes Pr\u00fcflabor f\u00fcr Mikromobilit\u00e4t\" \/>\n<meta property=\"og:description\" content=\"[vc_section full_width=&#8221;stretch_row&#8221; pix_over_visibility=&#8221;&#8221; responsive_css=&#8221;{&#8220;pix_res_sm_pt&#8220;:&#8220;20&#8220;,&#8220;pix_res_sm_pb&#8220;:&#8220;20&#8220;,&#8220;pix_res_md_pt&#8220;:&#8220;40&#8220;,&#8220;pix_res_md_pb&#8220;:&#8220;40&#8220;}&#8221; css=&#8221;.vc_custom_1617661692240{padding-top: 100px !important;padding-bottom: 100px !important;}&#8221;][vc_row full_width=&#8221;stretch_row&#8221; equal_height=&#8221;yes&#8221; pix_particles_check=&#8221;&#8221; css=&#8221;.vc_custom_1617661709545{padding-top: 40px !important;}&#8221;][vc_column width=&#8221;1\/2&#8243; css=&#8221;.vc_custom_1604715604745{padding-top: 20px !important;padding-bottom: 20px !important;}&#8221;][\/vc_column][vc_column width=&#8221;1\/2&#8243;][\/vc_column][\/vc_row][\/vc_section]\" \/>\n<meta property=\"og:url\" content=\"https:\/\/velotech.de\/en\/test-jigs\/erig\/\" \/>\n<meta property=\"og:site_name\" content=\"velotech.de - akkreditiertes Pr\u00fcflabor f\u00fcr Mikromobilit\u00e4t\" \/>\n<meta property=\"article:modified_time\" content=\"2021-08-16T18:38:10+00:00\" \/>\n<meta name=\"twitter:card\" content=\"summary_large_image\" \/>\n<meta name=\"twitter:label1\" content=\"Est. reading time\" \/>\n\t<meta name=\"twitter:data1\" content=\"6 minutes\" \/>\n<script type=\"application\/ld+json\" class=\"yoast-schema-graph\">{\"@context\":\"https:\\\/\\\/schema.org\",\"@graph\":[{\"@type\":\"WebPage\",\"@id\":\"https:\\\/\\\/velotech.de\\\/en\\\/test-jigs\\\/erig\\\/\",\"url\":\"https:\\\/\\\/velotech.de\\\/en\\\/test-jigs\\\/erig\\\/\",\"name\":\"eRig - velotech.de - akkreditiertes Pr\u00fcflabor f\u00fcr Mikromobilit\u00e4t\",\"isPartOf\":{\"@id\":\"https:\\\/\\\/velotech.de\\\/en\\\/#website\"},\"datePublished\":\"2021-07-08T09:57:20+00:00\",\"dateModified\":\"2021-08-16T18:38:10+00:00\",\"breadcrumb\":{\"@id\":\"https:\\\/\\\/velotech.de\\\/en\\\/test-jigs\\\/erig\\\/#breadcrumb\"},\"inLanguage\":\"en-US\",\"potentialAction\":[{\"@type\":\"ReadAction\",\"target\":[\"https:\\\/\\\/velotech.de\\\/en\\\/test-jigs\\\/erig\\\/\"]}]},{\"@type\":\"BreadcrumbList\",\"@id\":\"https:\\\/\\\/velotech.de\\\/en\\\/test-jigs\\\/erig\\\/#breadcrumb\",\"itemListElement\":[{\"@type\":\"ListItem\",\"position\":1,\"name\":\"Startseite\",\"item\":\"https:\\\/\\\/velotech.de\\\/en\\\/\"},{\"@type\":\"ListItem\",\"position\":2,\"name\":\"Test jigs\",\"item\":\"https:\\\/\\\/velotech.de\\\/en\\\/test-jigs\\\/\"},{\"@type\":\"ListItem\",\"position\":3,\"name\":\"eRig\"}]},{\"@type\":\"WebSite\",\"@id\":\"https:\\\/\\\/velotech.de\\\/en\\\/#website\",\"url\":\"https:\\\/\\\/velotech.de\\\/en\\\/\",\"name\":\"velotech.de - akkreditiertes Pr\u00fcflabor f\u00fcr Mikromobilit\u00e4t\",\"description\":\"Weltweit anerkanntes, akkreditiertes Pr\u00fcflabor f\u00fcr Mikromobilit\u00e4t und Produktsicherheit\",\"potentialAction\":[{\"@type\":\"SearchAction\",\"target\":{\"@type\":\"EntryPoint\",\"urlTemplate\":\"https:\\\/\\\/velotech.de\\\/en\\\/?s={search_term_string}\"},\"query-input\":{\"@type\":\"PropertyValueSpecification\",\"valueRequired\":true,\"valueName\":\"search_term_string\"}}],\"inLanguage\":\"en-US\"}]}<\/script>\n<!-- \/ Yoast SEO plugin. -->","yoast_head_json":{"title":"eRig - velotech.de - akkreditiertes Pr\u00fcflabor f\u00fcr Mikromobilit\u00e4t","robots":{"index":"index","follow":"follow","max-snippet":"max-snippet:-1","max-image-preview":"max-image-preview:large","max-video-preview":"max-video-preview:-1"},"canonical":"https:\/\/velotech.de\/en\/test-jigs\/erig\/","og_locale":"en_US","og_type":"article","og_title":"eRig - velotech.de - akkreditiertes Pr\u00fcflabor f\u00fcr Mikromobilit\u00e4t","og_description":"[vc_section full_width=&#8221;stretch_row&#8221; pix_over_visibility=&#8221;&#8221; responsive_css=&#8221;{&#8220;pix_res_sm_pt&#8220;:&#8220;20&#8220;,&#8220;pix_res_sm_pb&#8220;:&#8220;20&#8220;,&#8220;pix_res_md_pt&#8220;:&#8220;40&#8220;,&#8220;pix_res_md_pb&#8220;:&#8220;40&#8220;}&#8221; css=&#8221;.vc_custom_1617661692240{padding-top: 100px !important;padding-bottom: 100px !important;}&#8221;][vc_row full_width=&#8221;stretch_row&#8221; equal_height=&#8221;yes&#8221; pix_particles_check=&#8221;&#8221; css=&#8221;.vc_custom_1617661709545{padding-top: 40px !important;}&#8221;][vc_column width=&#8221;1\/2&#8243; css=&#8221;.vc_custom_1604715604745{padding-top: 20px !important;padding-bottom: 20px !important;}&#8221;][\/vc_column][vc_column width=&#8221;1\/2&#8243;][\/vc_column][\/vc_row][\/vc_section]","og_url":"https:\/\/velotech.de\/en\/test-jigs\/erig\/","og_site_name":"velotech.de - akkreditiertes Pr\u00fcflabor f\u00fcr Mikromobilit\u00e4t","article_modified_time":"2021-08-16T18:38:10+00:00","twitter_card":"summary_large_image","twitter_misc":{"Est. reading time":"6 minutes"},"schema":{"@context":"https:\/\/schema.org","@graph":[{"@type":"WebPage","@id":"https:\/\/velotech.de\/en\/test-jigs\/erig\/","url":"https:\/\/velotech.de\/en\/test-jigs\/erig\/","name":"eRig - velotech.de - akkreditiertes Pr\u00fcflabor f\u00fcr Mikromobilit\u00e4t","isPartOf":{"@id":"https:\/\/velotech.de\/en\/#website"},"datePublished":"2021-07-08T09:57:20+00:00","dateModified":"2021-08-16T18:38:10+00:00","breadcrumb":{"@id":"https:\/\/velotech.de\/en\/test-jigs\/erig\/#breadcrumb"},"inLanguage":"en-US","potentialAction":[{"@type":"ReadAction","target":["https:\/\/velotech.de\/en\/test-jigs\/erig\/"]}]},{"@type":"BreadcrumbList","@id":"https:\/\/velotech.de\/en\/test-jigs\/erig\/#breadcrumb","itemListElement":[{"@type":"ListItem","position":1,"name":"Startseite","item":"https:\/\/velotech.de\/en\/"},{"@type":"ListItem","position":2,"name":"Test jigs","item":"https:\/\/velotech.de\/en\/test-jigs\/"},{"@type":"ListItem","position":3,"name":"eRig"}]},{"@type":"WebSite","@id":"https:\/\/velotech.de\/en\/#website","url":"https:\/\/velotech.de\/en\/","name":"velotech.de - akkreditiertes Pr\u00fcflabor f\u00fcr Mikromobilit\u00e4t","description":"Weltweit anerkanntes, akkreditiertes Pr\u00fcflabor f\u00fcr Mikromobilit\u00e4t und Produktsicherheit","potentialAction":[{"@type":"SearchAction","target":{"@type":"EntryPoint","urlTemplate":"https:\/\/velotech.de\/en\/?s={search_term_string}"},"query-input":{"@type":"PropertyValueSpecification","valueRequired":true,"valueName":"search_term_string"}}],"inLanguage":"en-US"}]}},"_links":{"self":[{"href":"https:\/\/velotech.de\/en\/wp-json\/wp\/v2\/pages\/13932","targetHints":{"allow":["GET"]}}],"collection":[{"href":"https:\/\/velotech.de\/en\/wp-json\/wp\/v2\/pages"}],"about":[{"href":"https:\/\/velotech.de\/en\/wp-json\/wp\/v2\/types\/page"}],"author":[{"embeddable":true,"href":"https:\/\/velotech.de\/en\/wp-json\/wp\/v2\/users\/1"}],"replies":[{"embeddable":true,"href":"https:\/\/velotech.de\/en\/wp-json\/wp\/v2\/comments?post=13932"}],"version-history":[{"count":0,"href":"https:\/\/velotech.de\/en\/wp-json\/wp\/v2\/pages\/13932\/revisions"}],"up":[{"embeddable":true,"href":"https:\/\/velotech.de\/en\/wp-json\/wp\/v2\/pages\/13944"}],"wp:attachment":[{"href":"https:\/\/velotech.de\/en\/wp-json\/wp\/v2\/media?parent=13932"}],"curies":[{"name":"wp","href":"https:\/\/api.w.org\/{rel}","templated":true}]}}