{"id":13934,"date":"2021-07-09T10:30:49","date_gmt":"2021-07-09T09:30:49","guid":{"rendered":"https:\/\/vt.novus.me\/expert-reports\/"},"modified":"2022-01-29T16:33:02","modified_gmt":"2022-01-29T15:33:02","slug":"expert-reports","status":"publish","type":"page","link":"https:\/\/velotech.de\/en\/expert-reports\/","title":{"rendered":"Expert Reports"},"content":{"rendered":"<div class=\"wpb-content-wrapper\">[vc_section full_width=&#8221;stretch_row&#8221; pix_over_visibility=&#8221;&#8221; responsive_css=&#8221;{&#8220;pix_res_sm_pt&#8220;:&#8220;20&#8220;,&#8220;pix_res_sm_pb&#8220;:&#8220;20&#8220;,&#8220;pix_res_md_pt&#8220;:&#8220;40&#8220;,&#8220;pix_res_md_pb&#8220;:&#8220;40&#8220;}&#8221; css=&#8221;.vc_custom_1605824521954{padding-top: 100px !important;padding-bottom: 100px !important;}&#8221;][vc_row content_placement=&#8221;middle&#8221; pix_particles_check=&#8221;&#8221;][vc_column width=&#8221;1\/2&#8243;]<div id=\"el1604782908927-9cab29de-b93c\" class=\"pix-highlighted-element text-left  vc_custom_1643470189612\"><h2 class=\"pix-highlighted-items \" style=\"\" data-anim-type=\"\" data-anim-delay=\"0\"><span id=\"el1604782908927-9cab29de-b93c-0\"  class=\"\"><span   class=\"pix-highlighted-text  pix-highlight-item font-weight-normal  heading-font text-heading-default\">The preparation of reports and assessments <\/span><\/span><span id=\"el1604782908927-9cab29de-b93c-1\"  class=\"\"><span   class=\"pix-highlighted-text  pix-highlight-item font-weight-normal  font-weight-bold heading-font text-heading-default\">by our <\/span><\/span><span id=\"el1604782908927-9cab29de-b93c-2\" class=\"pix-highlight-bg  el1604782908927-9cab29de-b93c-2 animate-in\" data-anim-type=\"highlight-grow\" data-anim-delay=\"200\"><span   class=\"pix-highlighted-text pix-highlight-item font-weight-normal  heading-font text-heading-default\">experienced \u00d6.b.u.v. expert Ernst Brust<\/span><\/span><\/h2><\/div>[\/vc_column][vc_column width=&#8221;1\/2&#8243;]<div class=\"pix-el-text w-100   vc_custom_1643470371157\" ><p class=\"text-20  text-body-default  \" >Due to their long standing experience \u00d6.b.u.v. experts around Ernst Brust are competent contact persons to furnish expert reports and damage assessments on bicycles, electric bicycles, wheelchairs, and walking frames with wheels. They are assisted by an experienced team of specialists.<\/p><\/div>[\/vc_column][\/vc_row][vc_row pix_particles_check=&#8221;&#8221; css=&#8221;.vc_custom_1617646789264{padding-top: 60px !important;}&#8221;][vc_column width=&#8221;1\/2&#8243;]<div class=\"pix-content-box card      vc_custom_1605411833957    rounded-10 fly-sm animate-in bg- w-100  \"  data-anim-type=\"fade-in\" data-anim-delay=\"100\"><div class=\"\" style=\"z-index:30;position:relative;\"><div id=\"pix-feature-1604781007899-410a83f1-7a79\" class=\"pix-feature-el media \"><div class=\"pix-feature-icon pix-feature-icon-outer mr-3 mw-100 d-flex text-primary \"   style=\"font-size:48px;width:48px;aspect-ratio:1\/1 !important;position:relative;line-height:48px;text-align:center;\"><svg class=\"pixfort-icon \" width=\"24\" height=\"24\"  data-name=\"Line\/pixfort-icon-person-graduated-1\" viewBox=\"2 2 20 20\"><path fill=\"none\" stroke=\"var(--pf-icon-color)\" stroke-linecap=\"round\" stroke-linejoin=\"round\" stroke-width=\"var(--pf-icon-stroke-width)\" d=\"M4,21 C6,18 8.75,17 12,17 C15.25,17 18,18 20,21 M8.5,17.5 L12,21 L15.5,17.5 M9.31081639,8.03883119 C8.50556501,8.77055399 8,9.82623648 8,11 C8,13.209139 9.790861,15 12,15 C14.209139,15 16,13.209139 16,11 C16,9.83153718 15.4989909,8.7800913 14.7000748,8.04876435 M19,6 L12,9.21295282 L5,6 L12,3 L19,6 Z M5,6 L5,9\"\/><\/svg><\/div><div class=\"media-body text-left\"><h5 class=\"pix-feature-title  font-weight-bold   text-heading-default  \" style=\"\"  >Authorised Experts<\/h5><div class=\"pix-feature-content text-body-default text-18     \" style=\"padding-top:10px;\"  >They are especially experienced at providing the following services:<\/div><\/div><\/div><div id=\"accordion-252dc7264a7143c369b568b1e9cc7cc7\" class=\"w-100  \" ><div class=\"py-2 animate-in\" data-anim-type=\"fade-in-up\" data-anim-delay=\"0\"><div class=\"pix-feature-list   font-weight-bold     py-2 d-flex align-items-center\" ><span class=\"text-heading-default\">The issue of damage reports and value appraisals<\/span><\/div><div class=\"pix-feature-list   font-weight-bold     py-2 d-flex align-items-center\" ><span class=\"text-heading-default\">Damage assessments and investigation into the causes of the damages applying the most up-to-date test methods in accordance with the latest state of the art in safety engineering<\/span><\/div><div class=\"pix-feature-list   font-weight-bold     py-2 d-flex align-items-center\" ><span class=\"text-heading-default\">Static measurements for conclusive and replicable product parameters as well as non-destructive materials testing like pulsed thermography, computed tomography, or crack detection based on dye penetrant inspection<\/span><\/div><div class=\"pix-feature-list   font-weight-bold     py-2 d-flex align-items-center\" ><span class=\"text-heading-default\">Dynamic tests on test rigs at our associated and DAkkS accredited velotech.de test centre to provide proof on damage mechanisms<\/span><\/div><div class=\"pix-feature-list   font-weight-bold     py-2 d-flex align-items-center\" ><span class=\"text-heading-default\">Performance tests as well as determination of operating range and battery capacity of electric bicycles<\/span><\/div><\/div><\/div><\/div><\/div>[\/vc_column][vc_column width=&#8221;1\/2&#8243; css=&#8221;.vc_custom_1592348346180{padding-top: 30px !important;padding-bottom: 30px !important;}&#8221;]<div class=\"pix-content-box card      vc_custom_1605411839413    rounded-10 fly-sm animate-in bg- w-100  \"  data-anim-type=\"fade-in\" data-anim-delay=\"200\"><div class=\"\" style=\"z-index:30;position:relative;\"><div id=\"pix-feature-1604783221602-5e2c6571-a3fd\" class=\"pix-feature-el media \"><div class=\"pix-feature-icon pix-feature-icon-outer mr-3 mw-100 d-flex text-primary \"   style=\"font-size:48px;width:48px;aspect-ratio:1\/1 !important;position:relative;line-height:48px;text-align:center;\"><svg class=\"pixfort-icon \" width=\"24\" height=\"24\"  data-name=\"Line\/pixfort-icon-star-badge-1\" viewBox=\"2 2 20 20\"><path fill=\"none\" stroke=\"var(--pf-icon-color)\" stroke-linecap=\"round\" stroke-linejoin=\"round\" stroke-width=\"var(--pf-icon-stroke-width)\" d=\"M10.0865828,20.1193977 C9.28529962,20.5881687 8.25571722,20.3186143 7.78694618,19.5173311 C7.70950874,19.3849652 7.65054942,19.2426248 7.6117091,19.0942714 C7.26489931,17.7696064 6.23039365,16.7351007 4.9057286,16.3882909 C4.00766462,16.1531693 3.47024365,15.2345409 3.70536526,14.3364769 C3.74420558,14.1881235 3.80316491,14.0457831 3.88060234,13.9134172 C4.57205042,12.731506 4.57205042,11.268494 3.88060234,10.0865828 C3.41183129,9.28529962 3.68138567,8.25571722 4.48266888,7.78694618 C4.61503481,7.70950874 4.75737522,7.65054942 4.9057286,7.6117091 C6.23039365,7.26489931 7.26489931,6.23039365 7.6117091,4.9057286 C7.84683072,4.00766462 8.76545914,3.47024365 9.66352312,3.70536526 C9.8118765,3.74420558 9.95421691,3.80316491 10.0865828,3.88060234 C11.268494,4.57205042 12.731506,4.57205042 13.9134172,3.88060234 C14.7147004,3.41183129 15.7442828,3.68138567 16.2130538,4.48266888 C16.2904913,4.61503481 16.3494506,4.75737522 16.3882909,4.9057286 C16.7351007,6.23039365 17.7696064,7.26489931 19.0942714,7.6117091 C19.9923354,7.84683072 20.5297563,8.76545914 20.2946347,9.66352312 C20.2557944,9.8118765 20.1968351,9.95421691 20.1193977,10.0865828 C19.4279496,11.268494 19.4279496,12.731506 20.1193977,13.9134172 C20.5881687,14.7147004 20.3186143,15.7442828 19.5173311,16.2130538 C19.3849652,16.2904913 19.2426248,16.3494506 19.0942714,16.3882909 C17.7696064,16.7351007 16.7351007,17.7696064 16.3882909,19.0942714 C16.1531693,19.9923354 15.2345409,20.5297563 14.3364769,20.2946347 C14.1881235,20.2557944 14.0457831,20.1968351 13.9134172,20.1193977 C12.731506,19.4279496 11.268494,19.4279496 10.0865828,20.1193977 Z M12.1501485,14.0542572 L9.98702952,15.25 L10.4001485,12.7173762 L8.65014848,10.9237621 L11.068589,10.5542572 L12.1501485,8.25 L13.231708,10.5542572 L15.6501485,10.9237621 L13.9001485,12.7173762 L14.3132674,15.25 L12.1501485,14.0542572 Z\"\/><\/svg><\/div><div class=\"media-body text-left\"><h5 class=\"pix-feature-title  font-weight-bold   text-heading-default  \" style=\"\"  >Reliable partner since 1991<\/h5><div class=\"pix-feature-content text-body-default text-18     \" style=\"padding-top:10px;\"  >We have been a reliable partner for courts of law, insurances, trade and commerce as well as private individuals since 1991\r\nIn addition, we have collaborated with universities, polytechnics, and colleges over many years\r\nOur continued commitment to technical bodies and committees of organisations such as the German Institute for Standardisation (DIN) and the IHK W\u00fcrzburg-Schweinfurt has proven to be a huge asset and a firm footing of knowledge and expertise for all assessments and reports.<\/div><\/div><\/div><\/div><\/div><div class=\"pixfort-swiper position-relative  \"><div class=\"position-relative\"><div class=\"swiper  pix-style-standard pix-fade-out-effect \" data-swiper='{\"loop\":true,\"is_thumbnails\":false,\"has_thumbnails\":false,\"slidesPerView\":\"1\",\"slidesPerGroup\":1,\"autoHeight\":true,\"centeredSlides\":true,\"duplicatedItems\":true,\"itemsCount\":4,\"autoplay\":{\"delay\":\"4000\",\"disableOnInteraction\":false,\"pauseOnMouseEnter\":true,\"reverseDirection\":false},\"pagination\":{\"enabled\":true,\"clickable\":true,\"dynamicBullets\":false},\"navigation\":{\"enabled\":false},\"freeMode\":false,\"edgeTransitionParams\":{\"transitionZone\":1,\"slider_style\":\"pix-style-standard\",\"slider_effect\":\"pix-fade-out-effect\",\"slider_inactive_scale\":false,\"dragScale\":false},\"breakpoints\":{\"767\":{\"slidesPerView\":1},\"1024\":{\"slidesPerView\":1}}}' ><div class=\"swiper-wrapper\"><div class=\"swiper-slide\" data-pixfort-slide-index=\"0\"><div class=\"pixfort-slide-inner \"><div class=\" fly-sm text-left w-100 d-inline-block rounded-lg\"  ><img loading=\"lazy\" decoding=\"async\" class=\"card-img rounded-lg h-100\" src=\"https:\/\/velotech.de\/wp-content\/uploads\/2021\/04\/sachverstaendiger-logo-2020.png\" alt=\"\" width=\"792\" height=\"486\" style=\"\"\/><\/div><\/div><\/div><div class=\"swiper-slide\" data-pixfort-slide-index=\"1\"><div class=\"pixfort-slide-inner \"><div class=\" fly-sm text-left w-100 d-inline-block rounded-lg\"  ><img loading=\"lazy\" decoding=\"async\" class=\"card-img rounded-lg h-100\" src=\"https:\/\/velotech.de\/wp-content\/uploads\/2021\/04\/document.jpg\" alt=\"\" width=\"1600\" height=\"930\" style=\"\"\/><\/div><\/div><\/div><div class=\"swiper-slide\" data-pixfort-slide-index=\"2\"><div class=\"pixfort-slide-inner \"><div class=\" fly-sm text-left w-100 d-inline-block rounded-lg\"  ><img loading=\"lazy\" decoding=\"async\" class=\"card-img rounded-lg h-100\" src=\"https:\/\/velotech.de\/wp-content\/uploads\/2021\/04\/sachverstaendiger-logo-2020.png\" alt=\"\" width=\"792\" height=\"486\" style=\"\"\/><\/div><\/div><\/div><div class=\"swiper-slide\" data-pixfort-slide-index=\"3\"><div class=\"pixfort-slide-inner \"><div class=\" fly-sm text-left w-100 d-inline-block rounded-lg\"  ><img loading=\"lazy\" decoding=\"async\" class=\"card-img rounded-lg h-100\" src=\"https:\/\/velotech.de\/wp-content\/uploads\/2021\/04\/document.jpg\" alt=\"\" width=\"1600\" height=\"930\" style=\"\"\/><\/div><\/div><\/div><\/div><\/div><\/div><div class=\"pixfort-slider-pagination-container\"><div class=\"pixfort-slider-pagination\"><\/div><\/div><\/div>[\/vc_column][\/vc_row][\/vc_section]<\/div>","protected":false},"excerpt":{"rendered":"[vc_section full_width=&#8221;stretch_row&#8221; pix_over_visibility=&#8221;&#8221; responsive_css=&#8221;{&#8220;pix_res_sm_pt&#8220;:&#8220;20&#8220;,&#8220;pix_res_sm_pb&#8220;:&#8220;20&#8220;,&#8220;pix_res_md_pt&#8220;:&#8220;40&#8220;,&#8220;pix_res_md_pb&#8220;:&#8220;40&#8220;}&#8221; css=&#8221;.vc_custom_1605824521954{padding-top: 100px !important;padding-bottom: 100px !important;}&#8221;][vc_row content_placement=&#8221;middle&#8221; pix_particles_check=&#8221;&#8221;][vc_column width=&#8221;1\/2&#8243;][\/vc_column][vc_column width=&#8221;1\/2&#8243;][\/vc_column][\/vc_row][vc_row pix_particles_check=&#8221;&#8221; css=&#8221;.vc_custom_1617646789264{padding-top: 60px !important;}&#8221;][vc_column width=&#8221;1\/2&#8243;][\/vc_column][vc_column width=&#8221;1\/2&#8243; css=&#8221;.vc_custom_1592348346180{padding-top: 30px !important;padding-bottom: 30px !important;}&#8221;][\/vc_column][\/vc_row][\/vc_section]","protected":false},"author":1,"featured_media":0,"parent":0,"menu_order":0,"comment_status":"closed","ping_status":"closed","template":"","meta":{"footnotes":""},"class_list":["post-13934","page","type-page","status-publish","hentry"],"yoast_head":"<!-- This site is optimized with the Yoast SEO plugin v27.3 - https:\/\/yoast.com\/product\/yoast-seo-wordpress\/ -->\n<title>Expert Reports - velotech.de - akkreditiertes Pr\u00fcflabor f\u00fcr Mikromobilit\u00e4t<\/title>\n<meta name=\"robots\" content=\"index, follow, max-snippet:-1, max-image-preview:large, max-video-preview:-1\" \/>\n<link rel=\"canonical\" href=\"https:\/\/velotech.de\/en\/expert-reports\/\" \/>\n<meta property=\"og:locale\" content=\"en_US\" \/>\n<meta property=\"og:type\" content=\"article\" \/>\n<meta property=\"og:title\" content=\"Expert Reports - velotech.de - akkreditiertes Pr\u00fcflabor f\u00fcr Mikromobilit\u00e4t\" \/>\n<meta property=\"og:description\" content=\"[vc_section full_width=&#8221;stretch_row&#8221; pix_over_visibility=&#8221;&#8221; responsive_css=&#8221;{&#8220;pix_res_sm_pt&#8220;:&#8220;20&#8220;,&#8220;pix_res_sm_pb&#8220;:&#8220;20&#8220;,&#8220;pix_res_md_pt&#8220;:&#8220;40&#8220;,&#8220;pix_res_md_pb&#8220;:&#8220;40&#8220;}&#8221; css=&#8221;.vc_custom_1605824521954{padding-top: 100px !important;padding-bottom: 100px !important;}&#8221;][vc_row content_placement=&#8221;middle&#8221; pix_particles_check=&#8221;&#8221;][vc_column width=&#8221;1\/2&#8243;][\/vc_column][vc_column width=&#8221;1\/2&#8243;][\/vc_column][\/vc_row][vc_row pix_particles_check=&#8221;&#8221; css=&#8221;.vc_custom_1617646789264{padding-top: 60px !important;}&#8221;][vc_column width=&#8221;1\/2&#8243;][\/vc_column][vc_column width=&#8221;1\/2&#8243; css=&#8221;.vc_custom_1592348346180{padding-top: 30px !important;padding-bottom: 30px !important;}&#8221;][\/vc_column][\/vc_row][\/vc_section]\" \/>\n<meta property=\"og:url\" content=\"https:\/\/velotech.de\/en\/expert-reports\/\" \/>\n<meta property=\"og:site_name\" content=\"velotech.de - akkreditiertes Pr\u00fcflabor f\u00fcr Mikromobilit\u00e4t\" \/>\n<meta property=\"article:modified_time\" content=\"2022-01-29T15:33:02+00:00\" \/>\n<meta name=\"twitter:card\" content=\"summary_large_image\" \/>\n<meta name=\"twitter:label1\" content=\"Est. reading time\" \/>\n\t<meta name=\"twitter:data1\" content=\"4 minutes\" \/>\n<script type=\"application\/ld+json\" class=\"yoast-schema-graph\">{\"@context\":\"https:\\\/\\\/schema.org\",\"@graph\":[{\"@type\":\"WebPage\",\"@id\":\"https:\\\/\\\/velotech.de\\\/en\\\/expert-reports\\\/\",\"url\":\"https:\\\/\\\/velotech.de\\\/en\\\/expert-reports\\\/\",\"name\":\"Expert Reports - velotech.de - akkreditiertes Pr\u00fcflabor f\u00fcr Mikromobilit\u00e4t\",\"isPartOf\":{\"@id\":\"https:\\\/\\\/velotech.de\\\/en\\\/#website\"},\"datePublished\":\"2021-07-09T09:30:49+00:00\",\"dateModified\":\"2022-01-29T15:33:02+00:00\",\"breadcrumb\":{\"@id\":\"https:\\\/\\\/velotech.de\\\/en\\\/expert-reports\\\/#breadcrumb\"},\"inLanguage\":\"en-US\",\"potentialAction\":[{\"@type\":\"ReadAction\",\"target\":[\"https:\\\/\\\/velotech.de\\\/en\\\/expert-reports\\\/\"]}]},{\"@type\":\"BreadcrumbList\",\"@id\":\"https:\\\/\\\/velotech.de\\\/en\\\/expert-reports\\\/#breadcrumb\",\"itemListElement\":[{\"@type\":\"ListItem\",\"position\":1,\"name\":\"Startseite\",\"item\":\"https:\\\/\\\/velotech.de\\\/en\\\/\"},{\"@type\":\"ListItem\",\"position\":2,\"name\":\"Expert Reports\"}]},{\"@type\":\"WebSite\",\"@id\":\"https:\\\/\\\/velotech.de\\\/en\\\/#website\",\"url\":\"https:\\\/\\\/velotech.de\\\/en\\\/\",\"name\":\"velotech.de - akkreditiertes Pr\u00fcflabor f\u00fcr Mikromobilit\u00e4t\",\"description\":\"Weltweit anerkanntes, akkreditiertes Pr\u00fcflabor f\u00fcr Mikromobilit\u00e4t und Produktsicherheit\",\"potentialAction\":[{\"@type\":\"SearchAction\",\"target\":{\"@type\":\"EntryPoint\",\"urlTemplate\":\"https:\\\/\\\/velotech.de\\\/en\\\/?s={search_term_string}\"},\"query-input\":{\"@type\":\"PropertyValueSpecification\",\"valueRequired\":true,\"valueName\":\"search_term_string\"}}],\"inLanguage\":\"en-US\"}]}<\/script>\n<!-- \/ Yoast SEO plugin. -->","yoast_head_json":{"title":"Expert Reports - velotech.de - akkreditiertes Pr\u00fcflabor f\u00fcr Mikromobilit\u00e4t","robots":{"index":"index","follow":"follow","max-snippet":"max-snippet:-1","max-image-preview":"max-image-preview:large","max-video-preview":"max-video-preview:-1"},"canonical":"https:\/\/velotech.de\/en\/expert-reports\/","og_locale":"en_US","og_type":"article","og_title":"Expert Reports - velotech.de - akkreditiertes Pr\u00fcflabor f\u00fcr Mikromobilit\u00e4t","og_description":"[vc_section full_width=&#8221;stretch_row&#8221; pix_over_visibility=&#8221;&#8221; responsive_css=&#8221;{&#8220;pix_res_sm_pt&#8220;:&#8220;20&#8220;,&#8220;pix_res_sm_pb&#8220;:&#8220;20&#8220;,&#8220;pix_res_md_pt&#8220;:&#8220;40&#8220;,&#8220;pix_res_md_pb&#8220;:&#8220;40&#8220;}&#8221; css=&#8221;.vc_custom_1605824521954{padding-top: 100px !important;padding-bottom: 100px !important;}&#8221;][vc_row content_placement=&#8221;middle&#8221; pix_particles_check=&#8221;&#8221;][vc_column width=&#8221;1\/2&#8243;][\/vc_column][vc_column width=&#8221;1\/2&#8243;][\/vc_column][\/vc_row][vc_row pix_particles_check=&#8221;&#8221; css=&#8221;.vc_custom_1617646789264{padding-top: 60px !important;}&#8221;][vc_column width=&#8221;1\/2&#8243;][\/vc_column][vc_column width=&#8221;1\/2&#8243; css=&#8221;.vc_custom_1592348346180{padding-top: 30px !important;padding-bottom: 30px !important;}&#8221;][\/vc_column][\/vc_row][\/vc_section]","og_url":"https:\/\/velotech.de\/en\/expert-reports\/","og_site_name":"velotech.de - akkreditiertes Pr\u00fcflabor f\u00fcr Mikromobilit\u00e4t","article_modified_time":"2022-01-29T15:33:02+00:00","twitter_card":"summary_large_image","twitter_misc":{"Est. reading time":"4 minutes"},"schema":{"@context":"https:\/\/schema.org","@graph":[{"@type":"WebPage","@id":"https:\/\/velotech.de\/en\/expert-reports\/","url":"https:\/\/velotech.de\/en\/expert-reports\/","name":"Expert Reports - velotech.de - akkreditiertes Pr\u00fcflabor f\u00fcr Mikromobilit\u00e4t","isPartOf":{"@id":"https:\/\/velotech.de\/en\/#website"},"datePublished":"2021-07-09T09:30:49+00:00","dateModified":"2022-01-29T15:33:02+00:00","breadcrumb":{"@id":"https:\/\/velotech.de\/en\/expert-reports\/#breadcrumb"},"inLanguage":"en-US","potentialAction":[{"@type":"ReadAction","target":["https:\/\/velotech.de\/en\/expert-reports\/"]}]},{"@type":"BreadcrumbList","@id":"https:\/\/velotech.de\/en\/expert-reports\/#breadcrumb","itemListElement":[{"@type":"ListItem","position":1,"name":"Startseite","item":"https:\/\/velotech.de\/en\/"},{"@type":"ListItem","position":2,"name":"Expert Reports"}]},{"@type":"WebSite","@id":"https:\/\/velotech.de\/en\/#website","url":"https:\/\/velotech.de\/en\/","name":"velotech.de - akkreditiertes Pr\u00fcflabor f\u00fcr Mikromobilit\u00e4t","description":"Weltweit anerkanntes, akkreditiertes Pr\u00fcflabor f\u00fcr Mikromobilit\u00e4t und Produktsicherheit","potentialAction":[{"@type":"SearchAction","target":{"@type":"EntryPoint","urlTemplate":"https:\/\/velotech.de\/en\/?s={search_term_string}"},"query-input":{"@type":"PropertyValueSpecification","valueRequired":true,"valueName":"search_term_string"}}],"inLanguage":"en-US"}]}},"_links":{"self":[{"href":"https:\/\/velotech.de\/en\/wp-json\/wp\/v2\/pages\/13934","targetHints":{"allow":["GET"]}}],"collection":[{"href":"https:\/\/velotech.de\/en\/wp-json\/wp\/v2\/pages"}],"about":[{"href":"https:\/\/velotech.de\/en\/wp-json\/wp\/v2\/types\/page"}],"author":[{"embeddable":true,"href":"https:\/\/velotech.de\/en\/wp-json\/wp\/v2\/users\/1"}],"replies":[{"embeddable":true,"href":"https:\/\/velotech.de\/en\/wp-json\/wp\/v2\/comments?post=13934"}],"version-history":[{"count":3,"href":"https:\/\/velotech.de\/en\/wp-json\/wp\/v2\/pages\/13934\/revisions"}],"predecessor-version":[{"id":17107,"href":"https:\/\/velotech.de\/en\/wp-json\/wp\/v2\/pages\/13934\/revisions\/17107"}],"wp:attachment":[{"href":"https:\/\/velotech.de\/en\/wp-json\/wp\/v2\/media?parent=13934"}],"curies":[{"name":"wp","href":"https:\/\/api.w.org\/{rel}","templated":true}]}}