{"id":13944,"date":"2021-07-10T10:47:11","date_gmt":"2021-07-10T09:47:11","guid":{"rendered":"https:\/\/vt.novus.me\/test-jigs\/"},"modified":"2021-07-10T10:47:11","modified_gmt":"2021-07-10T09:47:11","slug":"test-jigs","status":"publish","type":"page","link":"https:\/\/velotech.de\/en\/test-jigs\/","title":{"rendered":"Test jigs"},"content":{"rendered":"","protected":false},"excerpt":{"rendered":"","protected":false},"author":1,"featured_media":0,"parent":0,"menu_order":0,"comment_status":"closed","ping_status":"closed","template":"","meta":{"footnotes":""},"class_list":["post-13944","page","type-page","status-publish","hentry"],"yoast_head":"<!-- This site is optimized with the Yoast SEO plugin v27.3 - https:\/\/yoast.com\/product\/yoast-seo-wordpress\/ -->\n<title>Test jigs - velotech.de - akkreditiertes Pr\u00fcflabor f\u00fcr Mikromobilit\u00e4t<\/title>\n<meta name=\"robots\" content=\"index, follow, max-snippet:-1, max-image-preview:large, max-video-preview:-1\" \/>\n<link rel=\"canonical\" href=\"https:\/\/velotech.de\/en\/test-jigs\/\" \/>\n<meta property=\"og:locale\" content=\"en_US\" \/>\n<meta property=\"og:type\" content=\"article\" \/>\n<meta property=\"og:title\" content=\"Test jigs - velotech.de - akkreditiertes Pr\u00fcflabor f\u00fcr Mikromobilit\u00e4t\" \/>\n<meta property=\"og:url\" content=\"https:\/\/velotech.de\/en\/test-jigs\/\" \/>\n<meta property=\"og:site_name\" content=\"velotech.de - akkreditiertes Pr\u00fcflabor f\u00fcr Mikromobilit\u00e4t\" \/>\n<meta name=\"twitter:card\" content=\"summary_large_image\" \/>\n<script type=\"application\/ld+json\" class=\"yoast-schema-graph\">{\"@context\":\"https:\\\/\\\/schema.org\",\"@graph\":[{\"@type\":\"WebPage\",\"@id\":\"https:\\\/\\\/velotech.de\\\/en\\\/test-jigs\\\/\",\"url\":\"https:\\\/\\\/velotech.de\\\/en\\\/test-jigs\\\/\",\"name\":\"Test jigs - velotech.de - akkreditiertes Pr\u00fcflabor f\u00fcr Mikromobilit\u00e4t\",\"isPartOf\":{\"@id\":\"https:\\\/\\\/velotech.de\\\/en\\\/#website\"},\"datePublished\":\"2021-07-10T09:47:11+00:00\",\"breadcrumb\":{\"@id\":\"https:\\\/\\\/velotech.de\\\/en\\\/test-jigs\\\/#breadcrumb\"},\"inLanguage\":\"en-US\",\"potentialAction\":[{\"@type\":\"ReadAction\",\"target\":[\"https:\\\/\\\/velotech.de\\\/en\\\/test-jigs\\\/\"]}]},{\"@type\":\"BreadcrumbList\",\"@id\":\"https:\\\/\\\/velotech.de\\\/en\\\/test-jigs\\\/#breadcrumb\",\"itemListElement\":[{\"@type\":\"ListItem\",\"position\":1,\"name\":\"Startseite\",\"item\":\"https:\\\/\\\/velotech.de\\\/en\\\/\"},{\"@type\":\"ListItem\",\"position\":2,\"name\":\"Test jigs\"}]},{\"@type\":\"WebSite\",\"@id\":\"https:\\\/\\\/velotech.de\\\/en\\\/#website\",\"url\":\"https:\\\/\\\/velotech.de\\\/en\\\/\",\"name\":\"velotech.de - akkreditiertes Pr\u00fcflabor f\u00fcr Mikromobilit\u00e4t\",\"description\":\"Weltweit anerkanntes, akkreditiertes Pr\u00fcflabor f\u00fcr Mikromobilit\u00e4t und Produktsicherheit\",\"potentialAction\":[{\"@type\":\"SearchAction\",\"target\":{\"@type\":\"EntryPoint\",\"urlTemplate\":\"https:\\\/\\\/velotech.de\\\/en\\\/?s={search_term_string}\"},\"query-input\":{\"@type\":\"PropertyValueSpecification\",\"valueRequired\":true,\"valueName\":\"search_term_string\"}}],\"inLanguage\":\"en-US\"}]}<\/script>\n<!-- \/ Yoast SEO plugin. -->","yoast_head_json":{"title":"Test jigs - velotech.de - akkreditiertes Pr\u00fcflabor f\u00fcr Mikromobilit\u00e4t","robots":{"index":"index","follow":"follow","max-snippet":"max-snippet:-1","max-image-preview":"max-image-preview:large","max-video-preview":"max-video-preview:-1"},"canonical":"https:\/\/velotech.de\/en\/test-jigs\/","og_locale":"en_US","og_type":"article","og_title":"Test jigs - velotech.de - akkreditiertes Pr\u00fcflabor f\u00fcr Mikromobilit\u00e4t","og_url":"https:\/\/velotech.de\/en\/test-jigs\/","og_site_name":"velotech.de - akkreditiertes Pr\u00fcflabor f\u00fcr Mikromobilit\u00e4t","twitter_card":"summary_large_image","schema":{"@context":"https:\/\/schema.org","@graph":[{"@type":"WebPage","@id":"https:\/\/velotech.de\/en\/test-jigs\/","url":"https:\/\/velotech.de\/en\/test-jigs\/","name":"Test jigs - velotech.de - akkreditiertes Pr\u00fcflabor f\u00fcr Mikromobilit\u00e4t","isPartOf":{"@id":"https:\/\/velotech.de\/en\/#website"},"datePublished":"2021-07-10T09:47:11+00:00","breadcrumb":{"@id":"https:\/\/velotech.de\/en\/test-jigs\/#breadcrumb"},"inLanguage":"en-US","potentialAction":[{"@type":"ReadAction","target":["https:\/\/velotech.de\/en\/test-jigs\/"]}]},{"@type":"BreadcrumbList","@id":"https:\/\/velotech.de\/en\/test-jigs\/#breadcrumb","itemListElement":[{"@type":"ListItem","position":1,"name":"Startseite","item":"https:\/\/velotech.de\/en\/"},{"@type":"ListItem","position":2,"name":"Test jigs"}]},{"@type":"WebSite","@id":"https:\/\/velotech.de\/en\/#website","url":"https:\/\/velotech.de\/en\/","name":"velotech.de - akkreditiertes Pr\u00fcflabor f\u00fcr Mikromobilit\u00e4t","description":"Weltweit anerkanntes, akkreditiertes Pr\u00fcflabor f\u00fcr Mikromobilit\u00e4t und Produktsicherheit","potentialAction":[{"@type":"SearchAction","target":{"@type":"EntryPoint","urlTemplate":"https:\/\/velotech.de\/en\/?s={search_term_string}"},"query-input":{"@type":"PropertyValueSpecification","valueRequired":true,"valueName":"search_term_string"}}],"inLanguage":"en-US"}]}},"_links":{"self":[{"href":"https:\/\/velotech.de\/en\/wp-json\/wp\/v2\/pages\/13944","targetHints":{"allow":["GET"]}}],"collection":[{"href":"https:\/\/velotech.de\/en\/wp-json\/wp\/v2\/pages"}],"about":[{"href":"https:\/\/velotech.de\/en\/wp-json\/wp\/v2\/types\/page"}],"author":[{"embeddable":true,"href":"https:\/\/velotech.de\/en\/wp-json\/wp\/v2\/users\/1"}],"replies":[{"embeddable":true,"href":"https:\/\/velotech.de\/en\/wp-json\/wp\/v2\/comments?post=13944"}],"version-history":[{"count":0,"href":"https:\/\/velotech.de\/en\/wp-json\/wp\/v2\/pages\/13944\/revisions"}],"wp:attachment":[{"href":"https:\/\/velotech.de\/en\/wp-json\/wp\/v2\/media?parent=13944"}],"curies":[{"name":"wp","href":"https:\/\/api.w.org\/{rel}","templated":true}]}}