{"id":14039,"date":"2021-08-04T14:54:16","date_gmt":"2021-08-04T13:54:16","guid":{"rendered":"https:\/\/vt.novus.me\/marina-brust\/"},"modified":"2021-08-24T20:44:36","modified_gmt":"2021-08-24T19:44:36","slug":"marina-brust","status":"publish","type":"page","link":"https:\/\/velotech.de\/en\/contact-person\/marina-brust\/","title":{"rendered":"Marina Brust"},"content":{"rendered":"<div class=\"wpb-content-wrapper\"><p>[vc_section pix_over_visibility=&#8221;&#8221;][vc_row pix_particles_check=&#8221;&#8221; css=&#8221;.vc_custom_1617375801781{padding-top: 20px !important;padding-bottom: 20px !important;}&#8221;][vc_column]<div id=\"el1617374827384-1f84f61d-bad1\" class=\"pix-highlighted-element text-center \"><h1 class=\"pix-highlighted-items \" style=\"\" data-anim-type=\"\" data-anim-delay=\"0\"><span id=\"el1617374827384-1f84f61d-bad1-0\"  class=\"\"><span   class=\"pix-highlighted-text  pix-highlight-item font-weight-normal  font-weight-bold heading-font text-heading-default\">Marina Brust - <\/span><\/span><span id=\"el1617374827384-1f84f61d-bad1-1\" class=\"pix-highlight-bg  el1617374827384-1f84f61d-bad1-1 animate-in\" data-anim-type=\"highlight-grow\" data-anim-delay=\"200\"><span   class=\"pix-highlighted-text pix-highlight-item font-weight-normal  heading-font text-heading-default\">Accounting and management of expert reports<\/span><\/span><\/h1><\/div>[\/vc_column][\/vc_row][vc_row pix_particles_check=&#8221;&#8221; css=&#8221;.vc_custom_1617375813252{padding-top: 20px !important;padding-bottom: 20px !important;}&#8221;][vc_column width=&#8221;1\/3&#8243;]<div class=\"card pix-hover-item  rounded-lg shadow-inverse-lg shadow-inverse-hover-sm scale-inverse-sm hover-bg text-left bg-gradient-primary d-flex align-items-end pix-team-card big-card \"  ><img loading=\"lazy\" decoding=\"async\" width=\"255\" height=\"340\" src=\"https:\/\/velotech.de\/wp-content\/uploads\/2021\/04\/Marina-Brust-Ansprechpartner.jpg\" class=\"card-img rounded-lg pix-opacity-7\" alt=\"\" srcset=\"https:\/\/velotech.de\/wp-content\/uploads\/2021\/04\/Marina-Brust-Ansprechpartner.jpg 255w, https:\/\/velotech.de\/wp-content\/uploads\/2021\/04\/Marina-Brust-Ansprechpartner-225x300.jpg 225w\" sizes=\"auto, (max-width: 255px) 100vw, 255px\" \/><div class=\"card-img-overlay d-flex flex-column justify-content-end\"><h4 class=\"pix-member-name card-title mb-0 font-weight-bold   text-white animate-in\" style=\"\" data-anim-type=\"fade-in\" data-anim-delay=\"0\">Marina Brust<\/h4><h6 class=\"pix-member-title font-weight-bold  secondary-font text-light-opacity-6 mb-2 animate-in\" style=\"\" data-anim-type=\"fade-in\" data-anim-delay=\"100\">Accounting and management of expert reports<\/h6><div class=\"font-weight-bold pix-social animate-in\" data-anim-type=\"fade-in\" data-anim-delay=\"700\"><\/div><\/div><\/div>[\/vc_column][vc_column width=&#8221;2\/3&#8243;]<div id=\"pix-feature-1617378226703-e7c418a3-828f\" class=\"pix-feature-el media \"><div class=\"pix-feature-icon pix-feature-icon-outer mr-3 mw-100 d-flex text-primary \"   style=\"font-size:46px;width:46px;aspect-ratio:1\/1 !important;position:relative;line-height:46px;text-align:center;\"><svg class=\"pixfort-icon \" width=\"24\" height=\"24\"  data-name=\"Duotone\/pixfort-icon-close-quote-1\" viewBox=\"2 2 20 20\"><g fill=\"none\" fill-rule=\"evenodd\"><path fill=\"var(--pf-icon-color)\" fill-opacity=\".25\" d=\"M8.36363636,5.94444444 C8.91592111,5.94444444 9.36363636,6.39215969 9.36363636,6.94444444 C9.36363636,7.49672919 8.91592111,7.94444444 8.36363636,7.94444444 L8,7.94444444 C6.52739815,7.94444444 5.30261173,9.00546846 5.04841553,10.4047417 C5.62475209,10.075917 6.2904556,9.88888889 7,9.88888889 C9.21328777,9.88888889 11,11.7086884 11,13.9444444 C11,16.1802005 9.21328777,18 7,18 C4.78671223,18 3,16.1802005 3,13.9444444 L3,10.9444444 C3,8.1830207 5.23857625,5.94444444 8,5.94444444 L8.36363636,5.94444444 Z\" transform=\"rotate(180 7 11.972)\"\/><path fill=\"var(--pf-icon-color)\" d=\"M18.3636364,5.94444444 C18.9159211,5.94444444 19.3636364,6.39215969 19.3636364,6.94444444 C19.3636364,7.49672919 18.9159211,7.94444444 18.3636364,7.94444444 L18,7.94444444 C16.5273981,7.94444444 15.3026117,9.00546846 15.0484155,10.4047417 C15.6247521,10.075917 16.2904556,9.88888889 17,9.88888889 C19.2132878,9.88888889 21,11.7086884 21,13.9444444 C21,16.1802005 19.2132878,18 17,18 C14.7867122,18 13,16.1802005 13,13.9444444 L13,10.9444444 C13,8.1830207 15.2385763,5.94444444 18,5.94444444 L18.3636364,5.94444444 Z\" transform=\"rotate(180 17 11.972)\"\/><\/g><\/svg><\/div><div class=\"media-body text-left\"><h3 class=\"pix-feature-title     text-heading-default  \" style=\"padding-top:17px;\"  >Call us. We will be glad to hear from you.<\/h3><div class=\"pix-feature-content text-text-gray      \" style=\"padding-top:20px;\"  ><\/div><\/div><\/div><div class=\"pix-content-box card         rounded-lg  bg- w-100  \"   ><div class=\"\" style=\"z-index:30;position:relative;\"><div id=\"pix-feature-1617378304620-24ab1218-ac1f\" class=\"pix-feature-el media \"><div class=\"rounded-circle pix-feature-icon-outer mr-3 d-inline-flex align-items-center justify-content-center line-height-0 mw-100 bg-primary-light \"   style=\" width:54px;aspect-ratio:1\/1 !important;position:relative;text-align:center;\"><div class=\"pix-feature-icon d-inline-flex text-primary\" style=\"font-size:30px;width:30px;height:30px;font-size:30px;\"><svg class=\"pixfort-icon \" width=\"24\" height=\"24\"  data-name=\"Line\/pixfort-icon-telephone-call-1\" viewBox=\"2 2 20 20\"><path fill=\"none\" stroke=\"var(--pf-icon-color)\" stroke-linecap=\"round\" stroke-linejoin=\"round\" stroke-width=\"var(--pf-icon-stroke-width)\" d=\"M18.8832522,15.2149875 L16.6435199,14.9557395 C16.063686,14.888624 15.4834673,15.0781662 15.0550765,15.474642 L13.9101291,16.5342913 L13.9101291,16.5342913 C11.0247673,15.2272362 8.65046344,13.0476406 7.32012905,9.94429134 L8.40498315,8.93981673 C8.87321964,8.50627302 9.10646531,7.87531619 9.03281655,7.24145388 L8.78582632,5.11571837 C8.65834351,4.01853018 7.6655515,3.23242866 6.56836332,3.35991148 C6.52669972,3.36475239 6.48519872,3.37090276 6.44392189,3.37835345 L4.03181843,3.81375119 C3.42678981,3.92293172 2.99622204,4.46337942 3.02497102,5.07750767 C3.02497102,5.07750767 3.02497102,5.07750767 3.02497102,5.07750767 C3.46000713,14.3706349 9.54976692,20.5603505 18.9740596,20.9775141 C18.9740596,20.9775141 18.9740596,20.9775141 18.9740596,20.9775141 C19.5592738,21.0034184 20.0735032,20.5926686 20.177581,20.0162014 L20.6214816,17.5569921 C20.8176915,16.4699892 20.095561,15.4297396 19.0085581,15.2335297 C18.9669957,15.2260274 18.9252062,15.2198436 18.8832522,15.2149875 Z M14.65688,11.9445325 C14.5428348,11.3831122 14.2329913,10.8012737 13.7442644,10.3125468 C13.2552027,9.82348513 12.672902,9.51355207 12.1111253,9.39969712 M17.7787301,10.7276754 C17.578978,9.77989658 17.0243808,8.76423614 16.1584779,7.89833321 C15.2911804,7.03103574 14.2736427,6.4760476 13.3245571,6.27711874 M20.9052034,9.51129048 C20.6196813,8.17988563 19.8180518,6.72947998 18.5726915,5.48411965 C17.3251329,4.23656105 15.8718044,3.43430115 14.5384713,3.15010055\"\/><\/svg><\/div><\/div><div class=\"media-body text-left\"><h6 class=\"pix-feature-title     text-heading-default  \" style=\"padding-top:20px;\"  >Telephone: +49 9721 82 77 7<\/h6><div class=\"pix-feature-content text-text-gray      \" style=\"padding-top:20px;\"  ><\/div><\/div><\/div><div id=\"pix-feature-1617378473370-aff90205-bcf5\" class=\"pix-feature-el media \"><div class=\"rounded-circle pix-feature-icon-outer mr-3 d-inline-flex align-items-center justify-content-center line-height-0 mw-100 bg-primary-light \"   style=\" width:54px;aspect-ratio:1\/1 !important;position:relative;text-align:center;\"><div class=\"pix-feature-icon d-inline-flex text-primary\" style=\"font-size:30px;width:30px;height:30px;font-size:30px;\"><svg class=\"pixfort-icon \" width=\"24\" height=\"24\"  data-name=\"Line\/pixfort-icon-fax-phone-1\" viewBox=\"2 2 20 20\"><path fill=\"none\" stroke=\"var(--pf-icon-color)\" stroke-linecap=\"round\" stroke-linejoin=\"round\" stroke-width=\"var(--pf-icon-stroke-width)\" d=\"M5,3 L6,3 C7.1045695,3 8,3.8954305 8,5 L8,19 C8,20.1045695 7.1045695,21 6,21 L5,21 C3.8954305,21 3,20.1045695 3,19 L3,5 C3,3.8954305 3.8954305,3 5,3 Z M8,8 L19,8 C20.1045695,8 21,8.8954305 21,10 L21,18 C21,19.1045695 20.1045695,20 19,20 L8,20 L8,20 L8,8 Z M11,11 L18,11 L18,14 L11,14 L11,11 Z M11,17 L11.25,17 M17.75,17 L18,17 M14.5,17 L14.75,17 M11,8 L11,6 C11,4.8954305 11.8954305,4 13,4 L17,4 C18.1045695,4 19,4.8954305 19,6 L19,8 L19,8\"\/><\/svg><\/div><\/div><div class=\"media-body text-left\"><h6 class=\"pix-feature-title     text-heading-default  \" style=\"padding-top:20px;\"  >Fax: +49 9721 8 46 51<\/h6><div class=\"pix-feature-content text-text-gray      \" style=\"padding-top:20px;\"  ><\/div><\/div><\/div><div id=\"pix-feature-1617378471795-0555b7f0-bf11\" class=\"pix-feature-el media \"><div class=\"rounded-circle pix-feature-icon-outer mr-3 d-inline-flex align-items-center justify-content-center line-height-0 mw-100 bg-primary-light \"   style=\" width:54px;aspect-ratio:1\/1 !important;position:relative;text-align:center;\"><div class=\"pix-feature-icon d-inline-flex text-primary\" style=\"font-size:30px;width:30px;height:30px;font-size:30px;\"><svg class=\"pixfort-icon \" width=\"24\" height=\"24\"  data-name=\"Line\/pixfort-icon-mail-closed-1\" viewBox=\"2 2 20 20\"><path fill=\"none\" stroke=\"var(--pf-icon-color)\" stroke-linecap=\"round\" stroke-linejoin=\"round\" stroke-width=\"var(--pf-icon-stroke-width)\" d=\"M5,5 L19,5 C20.1045695,5 21,5.8954305 21,7 L21,17 C21,18.1045695 20.1045695,19 19,19 L5,19 C3.8954305,19 3,18.1045695 3,17 L3,7 C3,5.8954305 3.8954305,5 5,5 Z M3.30149167,5.98779765 L10.7448982,11.9882141 C11.4774541,12.5787556 12.5225812,12.5787994 13.2551866,11.9883193 L20.7,5.98779765 L20.7,5.98779765\"\/><\/svg><\/div><\/div><div class=\"media-body text-left\"><h6 class=\"pix-feature-title     text-heading-default  \" style=\"padding-top:20px;\"  >E-Mail: ma.brust@velotech.de<\/h6><div class=\"pix-feature-content text-text-gray      \" style=\"padding-top:20px;\"  ><\/div><\/div><\/div><\/div><\/div>[\/vc_column][\/vc_row][\/vc_section][vc_row pix_particles_check=&#8221;&#8221;][vc_column][\/vc_column][\/vc_row]<\/p>\n<\/div>","protected":false},"excerpt":{"rendered":"[vc_section pix_over_visibility=&#8221;&#8221;][vc_row pix_particles_check=&#8221;&#8221; css=&#8221;.vc_custom_1617375801781{padding-top: 20px !important;padding-bottom: 20px !important;}&#8221;][vc_column][\/vc_column][\/vc_row][vc_row pix_particles_check=&#8221;&#8221; css=&#8221;.vc_custom_1617375813252{padding-top: 20px !important;padding-bottom: 20px !important;}&#8221;][vc_column width=&#8221;1\/3&#8243;][\/vc_column][vc_column width=&#8221;2\/3&#8243;][\/vc_column][\/vc_row][\/vc_section][vc_row pix_particles_check=&#8221;&#8221;][vc_column][\/vc_column][\/vc_row]","protected":false},"author":1,"featured_media":0,"parent":14076,"menu_order":0,"comment_status":"closed","ping_status":"closed","template":"","meta":{"footnotes":""},"class_list":["post-14039","page","type-page","status-publish","hentry"],"yoast_head":"<!-- This site is optimized with the Yoast SEO plugin v27.3 - https:\/\/yoast.com\/product\/yoast-seo-wordpress\/ -->\n<title>Marina Brust - velotech.de - akkreditiertes Pr\u00fcflabor f\u00fcr Mikromobilit\u00e4t<\/title>\n<meta name=\"robots\" content=\"index, follow, max-snippet:-1, max-image-preview:large, max-video-preview:-1\" \/>\n<link rel=\"canonical\" href=\"https:\/\/velotech.de\/en\/contact-person\/marina-brust\/\" \/>\n<meta property=\"og:locale\" content=\"en_US\" \/>\n<meta property=\"og:type\" content=\"article\" \/>\n<meta property=\"og:title\" content=\"Marina Brust - velotech.de - akkreditiertes Pr\u00fcflabor f\u00fcr Mikromobilit\u00e4t\" \/>\n<meta property=\"og:description\" content=\"[vc_section pix_over_visibility=&#8221;&#8221;][vc_row pix_particles_check=&#8221;&#8221; css=&#8221;.vc_custom_1617375801781{padding-top: 20px !important;padding-bottom: 20px !important;}&#8221;][vc_column][\/vc_column][\/vc_row][vc_row pix_particles_check=&#8221;&#8221; css=&#8221;.vc_custom_1617375813252{padding-top: 20px !important;padding-bottom: 20px !important;}&#8221;][vc_column width=&#8221;1\/3&#8243;][\/vc_column][vc_column width=&#8221;2\/3&#8243;][\/vc_column][\/vc_row][\/vc_section][vc_row pix_particles_check=&#8221;&#8221;][vc_column][\/vc_column][\/vc_row]\" \/>\n<meta property=\"og:url\" content=\"https:\/\/velotech.de\/en\/contact-person\/marina-brust\/\" \/>\n<meta property=\"og:site_name\" content=\"velotech.de - akkreditiertes Pr\u00fcflabor f\u00fcr Mikromobilit\u00e4t\" \/>\n<meta property=\"article:modified_time\" content=\"2021-08-24T19:44:36+00:00\" \/>\n<meta name=\"twitter:card\" content=\"summary_large_image\" \/>\n<meta name=\"twitter:label1\" content=\"Est. reading time\" \/>\n\t<meta name=\"twitter:data1\" content=\"1 minute\" \/>\n<script type=\"application\/ld+json\" class=\"yoast-schema-graph\">{\"@context\":\"https:\\\/\\\/schema.org\",\"@graph\":[{\"@type\":\"WebPage\",\"@id\":\"https:\\\/\\\/velotech.de\\\/en\\\/contact-person\\\/marina-brust\\\/\",\"url\":\"https:\\\/\\\/velotech.de\\\/en\\\/contact-person\\\/marina-brust\\\/\",\"name\":\"Marina Brust - velotech.de - akkreditiertes Pr\u00fcflabor f\u00fcr Mikromobilit\u00e4t\",\"isPartOf\":{\"@id\":\"https:\\\/\\\/velotech.de\\\/en\\\/#website\"},\"datePublished\":\"2021-08-04T13:54:16+00:00\",\"dateModified\":\"2021-08-24T19:44:36+00:00\",\"breadcrumb\":{\"@id\":\"https:\\\/\\\/velotech.de\\\/en\\\/contact-person\\\/marina-brust\\\/#breadcrumb\"},\"inLanguage\":\"en-US\",\"potentialAction\":[{\"@type\":\"ReadAction\",\"target\":[\"https:\\\/\\\/velotech.de\\\/en\\\/contact-person\\\/marina-brust\\\/\"]}]},{\"@type\":\"BreadcrumbList\",\"@id\":\"https:\\\/\\\/velotech.de\\\/en\\\/contact-person\\\/marina-brust\\\/#breadcrumb\",\"itemListElement\":[{\"@type\":\"ListItem\",\"position\":1,\"name\":\"Startseite\",\"item\":\"https:\\\/\\\/velotech.de\\\/en\\\/\"},{\"@type\":\"ListItem\",\"position\":2,\"name\":\"Contact person\",\"item\":\"https:\\\/\\\/velotech.de\\\/en\\\/contact-person\\\/\"},{\"@type\":\"ListItem\",\"position\":3,\"name\":\"Marina Brust\"}]},{\"@type\":\"WebSite\",\"@id\":\"https:\\\/\\\/velotech.de\\\/en\\\/#website\",\"url\":\"https:\\\/\\\/velotech.de\\\/en\\\/\",\"name\":\"velotech.de - akkreditiertes Pr\u00fcflabor f\u00fcr Mikromobilit\u00e4t\",\"description\":\"Weltweit anerkanntes, akkreditiertes Pr\u00fcflabor f\u00fcr Mikromobilit\u00e4t und Produktsicherheit\",\"potentialAction\":[{\"@type\":\"SearchAction\",\"target\":{\"@type\":\"EntryPoint\",\"urlTemplate\":\"https:\\\/\\\/velotech.de\\\/en\\\/?s={search_term_string}\"},\"query-input\":{\"@type\":\"PropertyValueSpecification\",\"valueRequired\":true,\"valueName\":\"search_term_string\"}}],\"inLanguage\":\"en-US\"}]}<\/script>\n<!-- \/ Yoast SEO plugin. -->","yoast_head_json":{"title":"Marina Brust - velotech.de - akkreditiertes Pr\u00fcflabor f\u00fcr Mikromobilit\u00e4t","robots":{"index":"index","follow":"follow","max-snippet":"max-snippet:-1","max-image-preview":"max-image-preview:large","max-video-preview":"max-video-preview:-1"},"canonical":"https:\/\/velotech.de\/en\/contact-person\/marina-brust\/","og_locale":"en_US","og_type":"article","og_title":"Marina Brust - velotech.de - akkreditiertes Pr\u00fcflabor f\u00fcr Mikromobilit\u00e4t","og_description":"[vc_section pix_over_visibility=&#8221;&#8221;][vc_row pix_particles_check=&#8221;&#8221; css=&#8221;.vc_custom_1617375801781{padding-top: 20px !important;padding-bottom: 20px !important;}&#8221;][vc_column][\/vc_column][\/vc_row][vc_row pix_particles_check=&#8221;&#8221; css=&#8221;.vc_custom_1617375813252{padding-top: 20px !important;padding-bottom: 20px !important;}&#8221;][vc_column width=&#8221;1\/3&#8243;][\/vc_column][vc_column width=&#8221;2\/3&#8243;][\/vc_column][\/vc_row][\/vc_section][vc_row pix_particles_check=&#8221;&#8221;][vc_column][\/vc_column][\/vc_row]","og_url":"https:\/\/velotech.de\/en\/contact-person\/marina-brust\/","og_site_name":"velotech.de - akkreditiertes Pr\u00fcflabor f\u00fcr Mikromobilit\u00e4t","article_modified_time":"2021-08-24T19:44:36+00:00","twitter_card":"summary_large_image","twitter_misc":{"Est. reading time":"1 minute"},"schema":{"@context":"https:\/\/schema.org","@graph":[{"@type":"WebPage","@id":"https:\/\/velotech.de\/en\/contact-person\/marina-brust\/","url":"https:\/\/velotech.de\/en\/contact-person\/marina-brust\/","name":"Marina Brust - velotech.de - akkreditiertes Pr\u00fcflabor f\u00fcr Mikromobilit\u00e4t","isPartOf":{"@id":"https:\/\/velotech.de\/en\/#website"},"datePublished":"2021-08-04T13:54:16+00:00","dateModified":"2021-08-24T19:44:36+00:00","breadcrumb":{"@id":"https:\/\/velotech.de\/en\/contact-person\/marina-brust\/#breadcrumb"},"inLanguage":"en-US","potentialAction":[{"@type":"ReadAction","target":["https:\/\/velotech.de\/en\/contact-person\/marina-brust\/"]}]},{"@type":"BreadcrumbList","@id":"https:\/\/velotech.de\/en\/contact-person\/marina-brust\/#breadcrumb","itemListElement":[{"@type":"ListItem","position":1,"name":"Startseite","item":"https:\/\/velotech.de\/en\/"},{"@type":"ListItem","position":2,"name":"Contact person","item":"https:\/\/velotech.de\/en\/contact-person\/"},{"@type":"ListItem","position":3,"name":"Marina Brust"}]},{"@type":"WebSite","@id":"https:\/\/velotech.de\/en\/#website","url":"https:\/\/velotech.de\/en\/","name":"velotech.de - akkreditiertes Pr\u00fcflabor f\u00fcr Mikromobilit\u00e4t","description":"Weltweit anerkanntes, akkreditiertes Pr\u00fcflabor f\u00fcr Mikromobilit\u00e4t und Produktsicherheit","potentialAction":[{"@type":"SearchAction","target":{"@type":"EntryPoint","urlTemplate":"https:\/\/velotech.de\/en\/?s={search_term_string}"},"query-input":{"@type":"PropertyValueSpecification","valueRequired":true,"valueName":"search_term_string"}}],"inLanguage":"en-US"}]}},"_links":{"self":[{"href":"https:\/\/velotech.de\/en\/wp-json\/wp\/v2\/pages\/14039","targetHints":{"allow":["GET"]}}],"collection":[{"href":"https:\/\/velotech.de\/en\/wp-json\/wp\/v2\/pages"}],"about":[{"href":"https:\/\/velotech.de\/en\/wp-json\/wp\/v2\/types\/page"}],"author":[{"embeddable":true,"href":"https:\/\/velotech.de\/en\/wp-json\/wp\/v2\/users\/1"}],"replies":[{"embeddable":true,"href":"https:\/\/velotech.de\/en\/wp-json\/wp\/v2\/comments?post=14039"}],"version-history":[{"count":0,"href":"https:\/\/velotech.de\/en\/wp-json\/wp\/v2\/pages\/14039\/revisions"}],"up":[{"embeddable":true,"href":"https:\/\/velotech.de\/en\/wp-json\/wp\/v2\/pages\/14076"}],"wp:attachment":[{"href":"https:\/\/velotech.de\/en\/wp-json\/wp\/v2\/media?parent=14039"}],"curies":[{"name":"wp","href":"https:\/\/api.w.org\/{rel}","templated":true}]}}