{"id":14076,"date":"2021-08-06T14:00:15","date_gmt":"2021-08-06T13:00:15","guid":{"rendered":"https:\/\/vt.novus.me\/contact-person\/"},"modified":"2021-08-24T20:50:08","modified_gmt":"2021-08-24T19:50:08","slug":"contact-person","status":"publish","type":"page","link":"https:\/\/velotech.de\/en\/contact-person\/","title":{"rendered":"Contact person"},"content":{"rendered":"<div class=\"wpb-content-wrapper\"><p>[vc_section full_width=&#8221;stretch_row&#8221; pix_over_visibility=&#8221;1&#8243; bottom_divider_select=&#8221;8&#8243; b_2_is_gradient=&#8221;true&#8221; b_2_color=&#8221;#ffffff&#8221; b_2_color_2=&#8221;rgba(252,242,247,0.97)&#8221; b_3_is_gradient=&#8221;true&#8221; b_3_color=&#8221;#f2f3ff&#8221; css=&#8221;.vc_custom_1588051825164{padding-top: 80px !important;padding-bottom: 80px !important;background-color: #ffffff !important;}&#8221;][vc_row full_width=&#8221;stretch_row&#8221; pix_particles_check=&#8221;&#8221; css=&#8221;.vc_custom_1587265218105{padding-top: 20px !important;padding-bottom: 20px !important;}&#8221;][vc_column content_align=&#8221;text-center&#8221;]<span class=\"pix-badge-element h6 d-inline-flex mr-1 animate-in\" data-anim-type=\"fade-in-up\" data-anim-delay=\"0\"><span class=\"badge font-weight-bold secondary-font  bg-gray-2  vc_custom_1617617247438  \" style=\" \"><span class=\"text-heading-default\" style=\"\">We are recruiting staff!<\/span><\/span><\/span><div id=\"sliding-text-217a3cdb83f323ca4d8433da387c1710\" class=\"mb-3 text-center  vc_custom_1617617268110\"><h2 class=\"mb-32 pix-sliding-headline-2 animate-in font-weight-bold secondary-font \" data-anim-type=\"pix-sliding-text\" pix-anim-delay=\"500\" data-class=\"secondary-font text-gradient-primary\" style=\"\"><span class=\"slide-in-container \"><span class=\"pix-sliding-item secondary-font text-gradient-primary\" style=\"transition-delay: 0ms;\">Join&#32;<\/span><\/span> <span class=\"slide-in-container \"><span class=\"pix-sliding-item secondary-font text-gradient-primary\" style=\"transition-delay: 150ms;\">our&#32;<\/span><\/span> <span class=\"slide-in-container \"><span class=\"pix-sliding-item secondary-font text-gradient-primary\" style=\"transition-delay: 300ms;\">team.&#32;<\/span><\/span> <\/h2><\/div><div class=\"pix-el-text w-100  \" ><div class=\"d-inline-block\" style=\"max-width:640px;\"><p class=\"text-20  text-body-default  \" ><span class=\"text-body-default animate-in d-inline-block\" data-anim-delay=\"200\" data-anim-type=\"fade-in-up\">velotech.de \u2013 Service Centre for Product Safety \u2013 was founded by Ernst Brust in 1991<\/span><\/p><\/div><\/div><div class=\"pix-el-text w-100  \" ><div class=\"d-inline-block\" style=\"max-width:640px;\"><p class=\"text-20  text-body-default  \" ><span class=\"text-body-default animate-in d-inline-block\" data-anim-delay=\"200\" data-anim-type=\"fade-in-up\">We carry out tests on prototypes and issue expert reports for authorities and private persons.<\/span><\/p><\/div><\/div><a  href=\"\/karriere\" class=\"btn mb-2    vc_custom_1617617297742   text-heading-default btn-underline-gray-4 d-inline-flex align-items-center    secondary-font  animate-in btn-md\"   data-anim-type=\"fade-in-up\" data-anim-delay=\"400\" ><span class=\"font-weight-bold  text-heading-default\" >Stellenanzeigen ansehen<\/span><svg class=\"pixfort-icon font-weight-bold   ml-2\" width=\"24\" height=\"24\"  data-name=\"Line\/pixfort-icon-arrow-right-2\" viewBox=\"2 2 20 20\"><polyline fill=\"none\" stroke=\"var(--pf-icon-color)\" stroke-linecap=\"round\" stroke-linejoin=\"round\" stroke-width=\"var(--pf-icon-stroke-width)\" points=\"9.5 17 14.5 12 9.5 7\"\/><\/svg><\/a>[\/vc_column][\/vc_row][vc_row pix_particles_check=&#8221;&#8221;][vc_column width=&#8221;1\/4&#8243; css=&#8221;.vc_custom_1577599091460{padding-top: 20px !important;padding-bottom: 20px !important;}&#8221;]<div class=\"card pix-hover-item  rounded-lg shadow-inverse-lg shadow-inverse-hover-sm scale-inverse-sm hover-bg text-left bg-gradient-primary d-flex align-items-end pix-team-card big-card \"  ><img loading=\"lazy\" decoding=\"async\" width=\"255\" height=\"340\" src=\"https:\/\/velotech.de\/wp-content\/uploads\/2021\/04\/Marco-Brust-Ansprechpartner.jpg\" class=\"card-img rounded-lg pix-opacity-5\" alt=\"\" srcset=\"https:\/\/velotech.de\/wp-content\/uploads\/2021\/04\/Marco-Brust-Ansprechpartner.jpg 255w, https:\/\/velotech.de\/wp-content\/uploads\/2021\/04\/Marco-Brust-Ansprechpartner-225x300.jpg 225w\" sizes=\"auto, (max-width: 255px) 100vw, 255px\" \/><div class=\"card-img-overlay d-flex flex-column justify-content-end\"><h5 class=\"pix-member-name card-title mb-0 font-weight-bold  secondary-font text-white animate-in\" style=\"\" data-anim-type=\"fade-in\" data-anim-delay=\"0\">Marco Brust<\/h5><div class=\"pix-member-title font-weight-bold  secondary-font text-light-opacity-5 h4 mb-2 animate-in\" style=\"font-size:16px;\" data-anim-type=\"fade-in\" data-anim-delay=\"100\">Managing director<\/div><div class=\"font-weight-bold pix-social animate-in\" data-anim-type=\"fade-in\" data-anim-delay=\"700\"><\/div><\/div><\/div><a  href=\"index.php?page_id=14048\" class=\"btn mb-2    vc_custom_1629834533579  shadow-inverse-lg shadow-inverse-hover-sm scale-inverse-sm btn-primary btn-flat d-flex w-100  justify-content-center  align-items-center      btn-md\"     ><svg class=\"pixfort-icon font-weight-bold   mr-2\" width=\"24\" height=\"24\"  data-name=\"Line\/pixfort-icon-arrow-right-circle-1\" viewBox=\"2 2 20 20\"><path fill=\"none\" stroke=\"var(--pf-icon-color)\" stroke-linecap=\"round\" stroke-linejoin=\"round\" stroke-width=\"var(--pf-icon-stroke-width)\" d=\"M12,21 C16.9705627,21 21,16.9705627 21,12 C21,7.02943725 16.9705627,3 12,3 C7.02943725,3 3,7.02943725 3,12 C3,16.9705627 7.02943725,21 12,21 Z M7,12 L16,12 M12,17 L17,12 L12,7\"\/><\/svg><span class=\"font-weight-bold \" >More details<\/span><\/a>[\/vc_column][vc_column width=&#8221;1\/4&#8243; css=&#8221;.vc_custom_1577598809438{padding-top: 20px !important;padding-bottom: 20px !important;}&#8221;]<div class=\"card pix-hover-item  rounded-lg shadow-inverse-lg shadow-inverse-hover-sm scale-inverse-sm hover-bg text-left bg-gradient-primary d-flex align-items-end pix-team-card big-card \"  ><img loading=\"lazy\" decoding=\"async\" width=\"255\" height=\"340\" src=\"https:\/\/velotech.de\/wp-content\/uploads\/2021\/04\/Marina-Brust-Ansprechpartner.jpg\" class=\"card-img rounded-lg pix-opacity-5\" alt=\"\" srcset=\"https:\/\/velotech.de\/wp-content\/uploads\/2021\/04\/Marina-Brust-Ansprechpartner.jpg 255w, https:\/\/velotech.de\/wp-content\/uploads\/2021\/04\/Marina-Brust-Ansprechpartner-225x300.jpg 225w\" sizes=\"auto, (max-width: 255px) 100vw, 255px\" \/><div class=\"card-img-overlay d-flex flex-column justify-content-end\"><h5 class=\"pix-member-name card-title mb-0 font-weight-bold  secondary-font text-white animate-in\" style=\"\" data-anim-type=\"fade-in\" data-anim-delay=\"0\">Marina Brust<\/h5><div class=\"pix-member-title font-weight-bold  secondary-font text-light-opacity-5 h4 mb-2 animate-in\" style=\"font-size:16px;\" data-anim-type=\"fade-in\" data-anim-delay=\"100\">Accounting and management of expert reports<\/div><div class=\"font-weight-bold pix-social animate-in\" data-anim-type=\"fade-in\" data-anim-delay=\"700\"><\/div><\/div><\/div><a  href=\"index.php?page_id=14039\" class=\"btn mb-2    vc_custom_1629834556466  shadow-inverse-lg shadow-inverse-hover-sm scale-inverse-sm btn-primary btn-flat d-flex w-100  justify-content-center  align-items-center      btn-md\"     ><svg class=\"pixfort-icon font-weight-bold   mr-2\" width=\"24\" height=\"24\"  data-name=\"Line\/pixfort-icon-arrow-right-circle-1\" viewBox=\"2 2 20 20\"><path fill=\"none\" stroke=\"var(--pf-icon-color)\" stroke-linecap=\"round\" stroke-linejoin=\"round\" stroke-width=\"var(--pf-icon-stroke-width)\" d=\"M12,21 C16.9705627,21 21,16.9705627 21,12 C21,7.02943725 16.9705627,3 12,3 C7.02943725,3 3,7.02943725 3,12 C3,16.9705627 7.02943725,21 12,21 Z M7,12 L16,12 M12,17 L17,12 L12,7\"\/><\/svg><span class=\"font-weight-bold \" >More details<\/span><\/a>[\/vc_column][vc_column width=&#8221;1\/4&#8243; css=&#8221;.vc_custom_1577598818066{padding-top: 20px !important;padding-bottom: 20px !important;}&#8221;]<div class=\"card pix-hover-item  rounded-lg shadow-inverse-lg shadow-inverse-hover-sm scale-inverse-sm hover-bg text-left bg-gradient-primary d-flex align-items-end pix-team-card big-card \"  ><img loading=\"lazy\" decoding=\"async\" width=\"255\" height=\"340\" src=\"https:\/\/velotech.de\/wp-content\/uploads\/2021\/04\/Linda-Maier-Ansprechpartner.jpg\" class=\"card-img rounded-lg pix-opacity-5\" alt=\"\" srcset=\"https:\/\/velotech.de\/wp-content\/uploads\/2021\/04\/Linda-Maier-Ansprechpartner.jpg 255w, https:\/\/velotech.de\/wp-content\/uploads\/2021\/04\/Linda-Maier-Ansprechpartner-225x300.jpg 225w\" sizes=\"auto, (max-width: 255px) 100vw, 255px\" \/><div class=\"card-img-overlay d-flex flex-column justify-content-end\"><h5 class=\"pix-member-name card-title mb-0 font-weight-bold  secondary-font text-white animate-in\" style=\"\" data-anim-type=\"fade-in\" data-anim-delay=\"0\">Linda Maier<\/h5><div class=\"pix-member-title font-weight-bold  secondary-font text-light-opacity-5 h4 mb-2 animate-in\" style=\"font-size:16px;\" data-anim-type=\"fade-in\" data-anim-delay=\"100\">Quality management and sales director<\/div><div class=\"font-weight-bold pix-social animate-in\" data-anim-type=\"fade-in\" data-anim-delay=\"700\"><\/div><\/div><\/div><a  href=\"index.php?page_id=14042\" class=\"btn mb-2    vc_custom_1629834576542  shadow-inverse-lg shadow-inverse-hover-sm scale-inverse-sm btn-primary btn-flat d-flex w-100  justify-content-center  align-items-center      btn-md\"     ><svg class=\"pixfort-icon font-weight-bold   mr-2\" width=\"24\" height=\"24\"  data-name=\"Line\/pixfort-icon-arrow-right-circle-1\" viewBox=\"2 2 20 20\"><path fill=\"none\" stroke=\"var(--pf-icon-color)\" stroke-linecap=\"round\" stroke-linejoin=\"round\" stroke-width=\"var(--pf-icon-stroke-width)\" d=\"M12,21 C16.9705627,21 21,16.9705627 21,12 C21,7.02943725 16.9705627,3 12,3 C7.02943725,3 3,7.02943725 3,12 C3,16.9705627 7.02943725,21 12,21 Z M7,12 L16,12 M12,17 L17,12 L12,7\"\/><\/svg><span class=\"font-weight-bold \" >More details<\/span><\/a>[\/vc_column][vc_column width=&#8221;1\/4&#8243; css=&#8221;.vc_custom_1577598824149{padding-top: 20px !important;padding-bottom: 20px !important;}&#8221;]<div class=\"card pix-hover-item  rounded-lg shadow-inverse-lg shadow-inverse-hover-sm scale-inverse-sm hover-bg text-left bg-gradient-primary d-flex align-items-end pix-team-card big-card \"  ><img loading=\"lazy\" decoding=\"async\" width=\"255\" height=\"340\" src=\"https:\/\/velotech.de\/wp-content\/uploads\/2021\/04\/Konstantin-Hegelmann-Ansprechpartner.jpg\" class=\"card-img rounded-lg pix-opacity-5\" alt=\"\" srcset=\"https:\/\/velotech.de\/wp-content\/uploads\/2021\/04\/Konstantin-Hegelmann-Ansprechpartner.jpg 255w, https:\/\/velotech.de\/wp-content\/uploads\/2021\/04\/Konstantin-Hegelmann-Ansprechpartner-225x300.jpg 225w\" sizes=\"auto, (max-width: 255px) 100vw, 255px\" \/><div class=\"card-img-overlay d-flex flex-column justify-content-end\"><h5 class=\"pix-member-name card-title mb-0 font-weight-bold  secondary-font text-white animate-in\" style=\"\" data-anim-type=\"fade-in\" data-anim-delay=\"0\">Konstantin Hegelmann<\/h5><div class=\"pix-member-title font-weight-bold  secondary-font text-light-opacity-5 h4 mb-2 animate-in\" style=\"font-size:16px;\" data-anim-type=\"fade-in\" data-anim-delay=\"100\">Project management<\/div><div class=\"font-weight-bold pix-social animate-in\" data-anim-type=\"fade-in\" data-anim-delay=\"700\"><\/div><\/div><\/div><a  href=\"index.php?page_id=14045\" class=\"btn mb-2    vc_custom_1629834598118  shadow-inverse-lg shadow-inverse-hover-sm scale-inverse-sm btn-primary btn-flat d-flex w-100  justify-content-center  align-items-center      btn-md\"     ><svg class=\"pixfort-icon font-weight-bold   mr-2\" width=\"24\" height=\"24\"  data-name=\"Line\/pixfort-icon-arrow-right-circle-1\" viewBox=\"2 2 20 20\"><path fill=\"none\" stroke=\"var(--pf-icon-color)\" stroke-linecap=\"round\" stroke-linejoin=\"round\" stroke-width=\"var(--pf-icon-stroke-width)\" d=\"M12,21 C16.9705627,21 21,16.9705627 21,12 C21,7.02943725 16.9705627,3 12,3 C7.02943725,3 3,7.02943725 3,12 C3,16.9705627 7.02943725,21 12,21 Z M7,12 L16,12 M12,17 L17,12 L12,7\"\/><\/svg><span class=\"font-weight-bold \" >More details<\/span><\/a>[\/vc_column][\/vc_row][\/vc_section]<\/p>\n<\/div>","protected":false},"excerpt":{"rendered":"[vc_section full_width=&#8221;stretch_row&#8221; pix_over_visibility=&#8221;1&#8243; bottom_divider_select=&#8221;8&#8243; b_2_is_gradient=&#8221;true&#8221; b_2_color=&#8221;#ffffff&#8221; b_2_color_2=&#8221;rgba(252,242,247,0.97)&#8221; b_3_is_gradient=&#8221;true&#8221; b_3_color=&#8221;#f2f3ff&#8221; css=&#8221;.vc_custom_1588051825164{padding-top: 80px !important;padding-bottom: 80px !important;background-color: #ffffff !important;}&#8221;][vc_row full_width=&#8221;stretch_row&#8221; pix_particles_check=&#8221;&#8221; css=&#8221;.vc_custom_1587265218105{padding-top: 20px !important;padding-bottom: 20px !important;}&#8221;][vc_column content_align=&#8221;text-center&#8221;][\/vc_column][\/vc_row][vc_row pix_particles_check=&#8221;&#8221;][vc_column width=&#8221;1\/4&#8243; css=&#8221;.vc_custom_1577599091460{padding-top: 20px !important;padding-bottom: 20px !important;}&#8221;][\/vc_column][vc_column width=&#8221;1\/4&#8243; css=&#8221;.vc_custom_1577598809438{padding-top: 20px !important;padding-bottom: 20px !important;}&#8221;][\/vc_column][vc_column width=&#8221;1\/4&#8243; css=&#8221;.vc_custom_1577598818066{padding-top: 20px&#8230;","protected":false},"author":1,"featured_media":0,"parent":0,"menu_order":0,"comment_status":"closed","ping_status":"closed","template":"","meta":{"footnotes":""},"class_list":["post-14076","page","type-page","status-publish","hentry"],"yoast_head":"<!-- This site is optimized with the Yoast SEO plugin v27.3 - https:\/\/yoast.com\/product\/yoast-seo-wordpress\/ -->\n<title>Contact person - velotech.de - akkreditiertes Pr\u00fcflabor f\u00fcr Mikromobilit\u00e4t<\/title>\n<meta name=\"robots\" content=\"index, follow, max-snippet:-1, max-image-preview:large, max-video-preview:-1\" \/>\n<link rel=\"canonical\" href=\"https:\/\/velotech.de\/en\/contact-person\/\" \/>\n<meta property=\"og:locale\" content=\"en_US\" \/>\n<meta property=\"og:type\" content=\"article\" \/>\n<meta property=\"og:title\" content=\"Contact person - velotech.de - akkreditiertes Pr\u00fcflabor f\u00fcr Mikromobilit\u00e4t\" \/>\n<meta property=\"og:description\" content=\"[vc_section full_width=&#8221;stretch_row&#8221; pix_over_visibility=&#8221;1&#8243; bottom_divider_select=&#8221;8&#8243; b_2_is_gradient=&#8221;true&#8221; b_2_color=&#8221;#ffffff&#8221; b_2_color_2=&#8221;rgba(252,242,247,0.97)&#8221; b_3_is_gradient=&#8221;true&#8221; b_3_color=&#8221;#f2f3ff&#8221; css=&#8221;.vc_custom_1588051825164{padding-top: 80px !important;padding-bottom: 80px !important;background-color: #ffffff !important;}&#8221;][vc_row full_width=&#8221;stretch_row&#8221; pix_particles_check=&#8221;&#8221; css=&#8221;.vc_custom_1587265218105{padding-top: 20px !important;padding-bottom: 20px !important;}&#8221;][vc_column content_align=&#8221;text-center&#8221;][\/vc_column][\/vc_row][vc_row pix_particles_check=&#8221;&#8221;][vc_column width=&#8221;1\/4&#8243; css=&#8221;.vc_custom_1577599091460{padding-top: 20px !important;padding-bottom: 20px !important;}&#8221;][\/vc_column][vc_column width=&#8221;1\/4&#8243; css=&#8221;.vc_custom_1577598809438{padding-top: 20px !important;padding-bottom: 20px !important;}&#8221;][\/vc_column][vc_column width=&#8221;1\/4&#8243; css=&#8221;.vc_custom_1577598818066{padding-top: 20px...\" \/>\n<meta property=\"og:url\" content=\"https:\/\/velotech.de\/en\/contact-person\/\" \/>\n<meta property=\"og:site_name\" content=\"velotech.de - akkreditiertes Pr\u00fcflabor f\u00fcr Mikromobilit\u00e4t\" \/>\n<meta property=\"article:modified_time\" content=\"2021-08-24T19:50:08+00:00\" \/>\n<meta name=\"twitter:card\" content=\"summary_large_image\" \/>\n<meta name=\"twitter:label1\" content=\"Est. reading time\" \/>\n\t<meta name=\"twitter:data1\" content=\"3 minutes\" \/>\n<script type=\"application\/ld+json\" class=\"yoast-schema-graph\">{\"@context\":\"https:\\\/\\\/schema.org\",\"@graph\":[{\"@type\":\"WebPage\",\"@id\":\"https:\\\/\\\/velotech.de\\\/en\\\/contact-person\\\/\",\"url\":\"https:\\\/\\\/velotech.de\\\/en\\\/contact-person\\\/\",\"name\":\"Contact person - velotech.de - akkreditiertes Pr\u00fcflabor f\u00fcr Mikromobilit\u00e4t\",\"isPartOf\":{\"@id\":\"https:\\\/\\\/velotech.de\\\/en\\\/#website\"},\"datePublished\":\"2021-08-06T13:00:15+00:00\",\"dateModified\":\"2021-08-24T19:50:08+00:00\",\"breadcrumb\":{\"@id\":\"https:\\\/\\\/velotech.de\\\/en\\\/contact-person\\\/#breadcrumb\"},\"inLanguage\":\"en-US\",\"potentialAction\":[{\"@type\":\"ReadAction\",\"target\":[\"https:\\\/\\\/velotech.de\\\/en\\\/contact-person\\\/\"]}]},{\"@type\":\"BreadcrumbList\",\"@id\":\"https:\\\/\\\/velotech.de\\\/en\\\/contact-person\\\/#breadcrumb\",\"itemListElement\":[{\"@type\":\"ListItem\",\"position\":1,\"name\":\"Startseite\",\"item\":\"https:\\\/\\\/velotech.de\\\/en\\\/\"},{\"@type\":\"ListItem\",\"position\":2,\"name\":\"Contact person\"}]},{\"@type\":\"WebSite\",\"@id\":\"https:\\\/\\\/velotech.de\\\/en\\\/#website\",\"url\":\"https:\\\/\\\/velotech.de\\\/en\\\/\",\"name\":\"velotech.de - akkreditiertes Pr\u00fcflabor f\u00fcr Mikromobilit\u00e4t\",\"description\":\"Weltweit anerkanntes, akkreditiertes Pr\u00fcflabor f\u00fcr Mikromobilit\u00e4t und Produktsicherheit\",\"potentialAction\":[{\"@type\":\"SearchAction\",\"target\":{\"@type\":\"EntryPoint\",\"urlTemplate\":\"https:\\\/\\\/velotech.de\\\/en\\\/?s={search_term_string}\"},\"query-input\":{\"@type\":\"PropertyValueSpecification\",\"valueRequired\":true,\"valueName\":\"search_term_string\"}}],\"inLanguage\":\"en-US\"}]}<\/script>\n<!-- \/ Yoast SEO plugin. -->","yoast_head_json":{"title":"Contact person - velotech.de - akkreditiertes Pr\u00fcflabor f\u00fcr Mikromobilit\u00e4t","robots":{"index":"index","follow":"follow","max-snippet":"max-snippet:-1","max-image-preview":"max-image-preview:large","max-video-preview":"max-video-preview:-1"},"canonical":"https:\/\/velotech.de\/en\/contact-person\/","og_locale":"en_US","og_type":"article","og_title":"Contact person - velotech.de - akkreditiertes Pr\u00fcflabor f\u00fcr Mikromobilit\u00e4t","og_description":"[vc_section full_width=&#8221;stretch_row&#8221; pix_over_visibility=&#8221;1&#8243; bottom_divider_select=&#8221;8&#8243; b_2_is_gradient=&#8221;true&#8221; b_2_color=&#8221;#ffffff&#8221; b_2_color_2=&#8221;rgba(252,242,247,0.97)&#8221; b_3_is_gradient=&#8221;true&#8221; b_3_color=&#8221;#f2f3ff&#8221; css=&#8221;.vc_custom_1588051825164{padding-top: 80px !important;padding-bottom: 80px !important;background-color: #ffffff !important;}&#8221;][vc_row full_width=&#8221;stretch_row&#8221; pix_particles_check=&#8221;&#8221; css=&#8221;.vc_custom_1587265218105{padding-top: 20px !important;padding-bottom: 20px !important;}&#8221;][vc_column content_align=&#8221;text-center&#8221;][\/vc_column][\/vc_row][vc_row pix_particles_check=&#8221;&#8221;][vc_column width=&#8221;1\/4&#8243; css=&#8221;.vc_custom_1577599091460{padding-top: 20px !important;padding-bottom: 20px !important;}&#8221;][\/vc_column][vc_column width=&#8221;1\/4&#8243; css=&#8221;.vc_custom_1577598809438{padding-top: 20px !important;padding-bottom: 20px !important;}&#8221;][\/vc_column][vc_column width=&#8221;1\/4&#8243; css=&#8221;.vc_custom_1577598818066{padding-top: 20px...","og_url":"https:\/\/velotech.de\/en\/contact-person\/","og_site_name":"velotech.de - akkreditiertes Pr\u00fcflabor f\u00fcr Mikromobilit\u00e4t","article_modified_time":"2021-08-24T19:50:08+00:00","twitter_card":"summary_large_image","twitter_misc":{"Est. reading time":"3 minutes"},"schema":{"@context":"https:\/\/schema.org","@graph":[{"@type":"WebPage","@id":"https:\/\/velotech.de\/en\/contact-person\/","url":"https:\/\/velotech.de\/en\/contact-person\/","name":"Contact person - velotech.de - akkreditiertes Pr\u00fcflabor f\u00fcr Mikromobilit\u00e4t","isPartOf":{"@id":"https:\/\/velotech.de\/en\/#website"},"datePublished":"2021-08-06T13:00:15+00:00","dateModified":"2021-08-24T19:50:08+00:00","breadcrumb":{"@id":"https:\/\/velotech.de\/en\/contact-person\/#breadcrumb"},"inLanguage":"en-US","potentialAction":[{"@type":"ReadAction","target":["https:\/\/velotech.de\/en\/contact-person\/"]}]},{"@type":"BreadcrumbList","@id":"https:\/\/velotech.de\/en\/contact-person\/#breadcrumb","itemListElement":[{"@type":"ListItem","position":1,"name":"Startseite","item":"https:\/\/velotech.de\/en\/"},{"@type":"ListItem","position":2,"name":"Contact person"}]},{"@type":"WebSite","@id":"https:\/\/velotech.de\/en\/#website","url":"https:\/\/velotech.de\/en\/","name":"velotech.de - akkreditiertes Pr\u00fcflabor f\u00fcr Mikromobilit\u00e4t","description":"Weltweit anerkanntes, akkreditiertes Pr\u00fcflabor f\u00fcr Mikromobilit\u00e4t und Produktsicherheit","potentialAction":[{"@type":"SearchAction","target":{"@type":"EntryPoint","urlTemplate":"https:\/\/velotech.de\/en\/?s={search_term_string}"},"query-input":{"@type":"PropertyValueSpecification","valueRequired":true,"valueName":"search_term_string"}}],"inLanguage":"en-US"}]}},"_links":{"self":[{"href":"https:\/\/velotech.de\/en\/wp-json\/wp\/v2\/pages\/14076","targetHints":{"allow":["GET"]}}],"collection":[{"href":"https:\/\/velotech.de\/en\/wp-json\/wp\/v2\/pages"}],"about":[{"href":"https:\/\/velotech.de\/en\/wp-json\/wp\/v2\/types\/page"}],"author":[{"embeddable":true,"href":"https:\/\/velotech.de\/en\/wp-json\/wp\/v2\/users\/1"}],"replies":[{"embeddable":true,"href":"https:\/\/velotech.de\/en\/wp-json\/wp\/v2\/comments?post=14076"}],"version-history":[{"count":0,"href":"https:\/\/velotech.de\/en\/wp-json\/wp\/v2\/pages\/14076\/revisions"}],"wp:attachment":[{"href":"https:\/\/velotech.de\/en\/wp-json\/wp\/v2\/media?parent=14076"}],"curies":[{"name":"wp","href":"https:\/\/api.w.org\/{rel}","templated":true}]}}